{"id":399,"date":"2020-07-09T09:59:21","date_gmt":"2020-07-09T07:59:21","guid":{"rendered":"https:\/\/chateau-yon-figeac.com\/contact\/"},"modified":"2025-02-25T12:17:39","modified_gmt":"2025-02-25T11:17:39","slug":"contact","status":"publish","type":"page","link":"https:\/\/chateau-yon-figeac.com\/en\/contact\/","title":{"rendered":"Contact"},"content":{"rendered":"[vc_row full_width=&#8221;stretch_row_content_no_spaces&#8221;][vc_column][vc_column_text]&nbsp;<\/p>\n<p style=\"text-align: center;\">Ch\u00e2teau Yon-Figeac<\/p>\n<p style=\"text-align: center;\">22 route de Magnan<\/p>\n<p style=\"text-align: center;\">33 330 Saint-Emilion<\/p>\n<p style=\"text-align: center;\">Phone: +33 557 848 298<\/p>\n<p style=\"text-align: center;\">Mail: <a href=\"mailto:info@vignobles-alainchateau.com\">info@vignobles-alainchateau.com<\/a><\/p>\n<p style=\"text-align: center;\">Open all year round, tours on appointment.<\/p>\n<p style=\"text-align: center;\"><a href=\"https:\/\/chateau-yon-figeac.com\/en\/wine-tourism\/\">Click to book your tour and tasting.<\/a><\/p>\n<p>&nbsp;[\/vc_column_text][vc_gmaps link=&#8221;#E-8_JTNDaWZyYW1lJTIwc3JjJTNEJTIyaHR0cHMlM0ElMkYlMkZ3d3cuZ29vZ2xlLmNvbSUyRm1hcHMlMkZlbWJlZCUzRnBiJTNEJTIxMW0xOCUyMTFtMTIlMjExbTMlMjExZDIyNDczLjMzMDk2ODg2MjQ4MyUyMTJkLTAuMjAxOTQzOTc3MzY5MjkxOTUlMjEzZDQ0LjkxNDM1NjQ1MzIyNDM4NiUyMTJtMyUyMTFmMCUyMTJmMCUyMTNmMCUyMTNtMiUyMTFpMTAyNCUyMTJpNzY4JTIxNGYxMy4xJTIxM20zJTIxMW0yJTIxMXMweGQ1NTRlNWU3OTU2YTYwMyUyNTNBMHg0MGJhYTJhOGM1ZWUzN2NmJTIxMnNDaCUyNUMzJTI1QTJ0ZWF1JTI1MjBZb24lMjUyMEZpZ2VhYyUyMTVlMCUyMTNtMiUyMTFzZnIlMjEyc2ZyJTIxNHYxNTk1MzI0ODc1OTc0JTIxNW0yJTIxMXNmciUyMTJzZnIlMjIlMjB3aWR0aCUzRCUyMjYwMCUyMiUyMGhlaWdodCUzRCUyMjQ1MCUyMiUyMGZyYW1lYm9yZGVyJTNEJTIyMCUyMiUyMHN0eWxlJTNEJTIyYm9yZGVyJTNBMCUzQiUyMiUyMGFsbG93ZnVsbHNjcmVlbiUzRCUyMiUyMiUyMGFyaWEtaGlkZGVuJTNEJTIyZmFsc2UlMjIlMjB0YWJpbmRleCUzRCUyMjAlMjIlM0UlM0MlMkZpZnJhbWUlM0U=&#8221; size=&#8221;600&#8243;][\/vc_column][\/vc_row][vc_row][vc_column][vc_column_text text_align=&#8221;center&#8221;]\n<h1>Contact us<\/h1>\n[\/vc_column_text][vc_column_text width=&#8221;800&#8243; align=&#8221;center&#8221; text_align=&#8221;center&#8221;]To contact us, please fill in the form below and we will get back to you as soon as possible.[\/vc_column_text][\/vc_column][\/vc_row][vc_row][vc_column width=&#8221;1\/4&#8243;][\/vc_column][vc_column width=&#8221;1\/2&#8243;]\n<div class=\"wpcf7 no-js\" id=\"wpcf7-f402-o1\" lang=\"fr-FR\" dir=\"ltr\" data-wpcf7-id=\"402\">\n<div class=\"screen-reader-response\"><p role=\"status\" aria-live=\"polite\" aria-atomic=\"true\"><\/p> <ul><\/ul><\/div>\n<form action=\"\/en\/wp-json\/wp\/v2\/pages\/399#wpcf7-f402-o1\" method=\"post\" class=\"wpcf7-form init\" aria-label=\"Formulaire de contact\" novalidate=\"novalidate\" data-status=\"init\">\n<fieldset class=\"hidden-fields-container\"><input type=\"hidden\" name=\"_wpcf7\" value=\"402\" \/><input type=\"hidden\" name=\"_wpcf7_version\" value=\"6.1.5\" \/><input type=\"hidden\" name=\"_wpcf7_locale\" value=\"fr_FR\" \/><input type=\"hidden\" name=\"_wpcf7_unit_tag\" value=\"wpcf7-f402-o1\" \/><input type=\"hidden\" name=\"_wpcf7_container_post\" value=\"0\" \/><input type=\"hidden\" name=\"_wpcf7_posted_data_hash\" value=\"\" \/><input type=\"hidden\" name=\"_wpcf7_recaptcha_response\" value=\"\" \/>\n<\/fieldset>\n<p><label> Last name*<br \/>\n<span class=\"wpcf7-form-control-wrap\" data-name=\"your-nom\"><input size=\"40\" maxlength=\"400\" class=\"wpcf7-form-control wpcf7-text wpcf7-validates-as-required\" aria-required=\"true\" aria-invalid=\"false\" value=\"\" type=\"text\" name=\"your-nom\" \/><\/span> <\/label>\n<\/p>\n<p><label> First name*<br \/>\n<span class=\"wpcf7-form-control-wrap\" data-name=\"your-prenom\"><input size=\"40\" maxlength=\"400\" class=\"wpcf7-form-control wpcf7-text wpcf7-validates-as-required\" aria-required=\"true\" aria-invalid=\"false\" value=\"\" type=\"text\" name=\"your-prenom\" \/><\/span> <\/label>\n<\/p>\n<p><label> Telephone *<br \/>\n<span class=\"wpcf7-form-control-wrap\" data-name=\"tel-335\"><input size=\"40\" maxlength=\"400\" class=\"wpcf7-form-control wpcf7-tel wpcf7-validates-as-required wpcf7-text wpcf7-validates-as-tel\" aria-required=\"true\" aria-invalid=\"false\" value=\"\" type=\"tel\" name=\"tel-335\" \/><\/span> <\/label>\n<\/p>\n<p><label> Email*<br \/>\n<span class=\"wpcf7-form-control-wrap\" data-name=\"your-email\"><input size=\"40\" maxlength=\"400\" class=\"wpcf7-form-control wpcf7-email wpcf7-validates-as-required wpcf7-text wpcf7-validates-as-email\" aria-required=\"true\" aria-invalid=\"false\" value=\"\" type=\"email\" name=\"your-email\" \/><\/span> <\/label>\n<\/p>\n<p><label> Subject of your message<br \/>\n<span class=\"wpcf7-form-control-wrap\" data-name=\"your-subject\"><input size=\"40\" maxlength=\"400\" class=\"wpcf7-form-control wpcf7-text\" aria-invalid=\"false\" value=\"\" type=\"text\" name=\"your-subject\" \/><\/span> <\/label>\n<\/p>\n<p><label> Your Message<br \/>\n<span class=\"wpcf7-form-control-wrap\" data-name=\"your-message\"><textarea cols=\"40\" rows=\"10\" maxlength=\"2000\" class=\"wpcf7-form-control wpcf7-textarea\" aria-invalid=\"false\" name=\"your-message\"><\/textarea><\/span> <\/label>\n<\/p>\n<p><input class=\"wpcf7-form-control wpcf7-submit has-spinner\" type=\"submit\" value=\"Send\" \/>\n<\/p><p style=\"display: none !important;\" class=\"akismet-fields-container\" data-prefix=\"_wpcf7_ak_\"><label>&#916;<textarea name=\"_wpcf7_ak_hp_textarea\" cols=\"45\" rows=\"8\" maxlength=\"100\"><\/textarea><\/label><input type=\"hidden\" id=\"ak_js_1\" name=\"_wpcf7_ak_js\" value=\"121\"\/><script>document.getElementById( \"ak_js_1\" ).setAttribute( \"value\", ( new Date() ).getTime() );<\/script><\/p><div class=\"wpcf7-response-output\" aria-hidden=\"true\"><\/div>\n<\/form>\n<\/div>\n[\/vc_column][vc_column width=&#8221;1\/4&#8243;][\/vc_column][\/vc_row]\n","protected":false},"excerpt":{"rendered":"<p>[vc_row full_width=&#8221;stretch_row_content_no_spaces&#8221;][vc_column][vc_column_text]&nbsp; Ch\u00e2teau Yon-Figeac 22 route de Magnan 33 330 Saint-Emilion Phone: +33 557 848 298 Mail: info@vignobles-alainchateau.com Open all year round, tours on appointment. Click to book your tour and tasting. &nbsp;[\/vc_column_text][vc_gmaps link=&#8221;#E-8_JTNDaWZyYW1lJTIwc3JjJTNEJTIyaHR0cHMlM0ElMkYlMkZ3d3cuZ29vZ2xlLmNvbSUyRm1hcHMlMkZlbWJlZCUzRnBiJTNEJTIxMW0xOCUyMTFtMTIlMjExbTMlMjExZDIyNDczLjMzMDk2ODg2MjQ4MyUyMTJkLTAuMjAxOTQzOTc3MzY5MjkxOTUlMjEzZDQ0LjkxNDM1NjQ1MzIyNDM4NiUyMTJtMyUyMTFmMCUyMTJmMCUyMTNmMCUyMTNtMiUyMTFpMTAyNCUyMTJpNzY4JTIxNGYxMy4xJTIxM20zJTIxMW0yJTIxMXMweGQ1NTRlNWU3OTU2YTYwMyUyNTNBMHg0MGJhYTJhOGM1ZWUzN2NmJTIxMnNDaCUyNUMzJTI1QTJ0ZWF1JTI1MjBZb24lMjUyMEZpZ2VhYyUyMTVlMCUyMTNtMiUyMTFzZnIlMjEyc2ZyJTIxNHYxNTk1MzI0ODc1OTc0JTIxNW0yJTIxMXNmciUyMTJzZnIlMjIlMjB3aWR0aCUzRCUyMjYwMCUyMiUyMGhlaWdodCUzRCUyMjQ1MCUyMiUyMGZyYW1lYm9yZGVyJTNEJTIyMCUyMiUyMHN0eWxlJTNEJTIyYm9yZGVyJTNBMCUzQiUyMiUyMGFsbG93ZnVsbHNjcmVlbiUzRCUyMiUyMiUyMGFyaWEtaGlkZGVuJTNEJTIyZmFsc2UlMjIlMjB0YWJpbmRleCUzRCUyMjAlMjIlM0UlM0MlMkZpZnJhbWUlM0U=&#8221; size=&#8221;600&#8243;][\/vc_column][\/vc_row][vc_row][vc_column][vc_column_text text_align=&#8221;center&#8221;] Contact us [\/vc_column_text][vc_column_text width=&#8221;800&#8243;&hellip;<\/p>\n","protected":false},"author":1024,"featured_media":0,"parent":0,"menu_order":0,"comment_status":"closed","ping_status":"closed","template":"","meta":{"footnotes":""},"class_list":["post-399","page","type-page","status-publish","hentry","entry","no-media"],"yoast_head":"<!-- This site is optimized with the Yoast SEO plugin v27.1.1 - https:\/\/yoast.com\/product\/yoast-seo-wordpress\/ -->\n<title>Contact - Ch\u00e2teau YON-FIGEAC<\/title>\n<meta name=\"description\" content=\"Get in touch with us, wether you wish to visit the castle, organize an event or buy some wine.\" \/>\n<meta name=\"robots\" content=\"index, follow, max-snippet:-1, max-image-preview:large, max-video-preview:-1\" \/>\n<link rel=\"canonical\" href=\"https:\/\/chateau-yon-figeac.com\/en\/contact\/\" \/>\n<meta property=\"og:locale\" content=\"en_US\" \/>\n<meta property=\"og:type\" content=\"article\" \/>\n<meta property=\"og:title\" content=\"Contact - Ch\u00e2teau YON-FIGEAC\" \/>\n<meta property=\"og:description\" content=\"Get in touch with us, wether you wish to visit the castle, organize an event or buy some wine.\" \/>\n<meta property=\"og:url\" content=\"https:\/\/chateau-yon-figeac.com\/en\/contact\/\" \/>\n<meta property=\"og:site_name\" content=\"Ch\u00e2teau YON-FIGEAC\" \/>\n<meta property=\"article:modified_time\" content=\"2025-02-25T11:17:39+00:00\" \/>\n<meta name=\"twitter:card\" content=\"summary_large_image\" \/>\n<meta name=\"twitter:label1\" content=\"Est. reading time\" \/>\n\t<meta name=\"twitter:data1\" content=\"1 minute\" \/>\n<script type=\"application\/ld+json\" class=\"yoast-schema-graph\">{\"@context\":\"https:\/\/schema.org\",\"@graph\":[{\"@type\":\"WebPage\",\"@id\":\"https:\/\/chateau-yon-figeac.com\/en\/contact\/\",\"url\":\"https:\/\/chateau-yon-figeac.com\/en\/contact\/\",\"name\":\"Contact - Ch\u00e2teau YON-FIGEAC\",\"isPartOf\":{\"@id\":\"https:\/\/chateau-yon-figeac.com\/#website\"},\"datePublished\":\"2020-07-09T07:59:21+00:00\",\"dateModified\":\"2025-02-25T11:17:39+00:00\",\"description\":\"Get in touch with us, wether you wish to visit the castle, organize an event or buy some wine.\",\"breadcrumb\":{\"@id\":\"https:\/\/chateau-yon-figeac.com\/en\/contact\/#breadcrumb\"},\"inLanguage\":\"en-US\",\"potentialAction\":[{\"@type\":\"ReadAction\",\"target\":[\"https:\/\/chateau-yon-figeac.com\/en\/contact\/\"]}]},{\"@type\":\"BreadcrumbList\",\"@id\":\"https:\/\/chateau-yon-figeac.com\/en\/contact\/#breadcrumb\",\"itemListElement\":[{\"@type\":\"ListItem\",\"position\":1,\"name\":\"Accueil\",\"item\":\"https:\/\/chateau-yon-figeac.com\/en\/\"},{\"@type\":\"ListItem\",\"position\":2,\"name\":\"Contact\"}]},{\"@type\":\"WebSite\",\"@id\":\"https:\/\/chateau-yon-figeac.com\/#website\",\"url\":\"https:\/\/chateau-yon-figeac.com\/\",\"name\":\"Ch\u00e2teau YON-FIGEAC\",\"description\":\"Grand cru Class\u00e9 Saint-\u00c9milion\",\"publisher\":{\"@id\":\"https:\/\/chateau-yon-figeac.com\/#organization\"},\"potentialAction\":[{\"@type\":\"SearchAction\",\"target\":{\"@type\":\"EntryPoint\",\"urlTemplate\":\"https:\/\/chateau-yon-figeac.com\/?s={search_term_string}\"},\"query-input\":{\"@type\":\"PropertyValueSpecification\",\"valueRequired\":true,\"valueName\":\"search_term_string\"}}],\"inLanguage\":\"en-US\"},{\"@type\":\"Organization\",\"@id\":\"https:\/\/chateau-yon-figeac.com\/#organization\",\"name\":\"Ch\u00e2teau YON-FIGEAC\",\"url\":\"https:\/\/chateau-yon-figeac.com\/\",\"logo\":{\"@type\":\"ImageObject\",\"inLanguage\":\"en-US\",\"@id\":\"https:\/\/chateau-yon-figeac.com\/#\/schema\/logo\/image\/\",\"url\":\"https:\/\/chateau-yon-figeac.com\/wp-content\/uploads\/2020\/09\/logo-yon-figeac.png\",\"contentUrl\":\"https:\/\/chateau-yon-figeac.com\/wp-content\/uploads\/2020\/09\/logo-yon-figeac.png\",\"width\":600,\"height\":101,\"caption\":\"Ch\u00e2teau YON-FIGEAC\"},\"image\":{\"@id\":\"https:\/\/chateau-yon-figeac.com\/#\/schema\/logo\/image\/\"}}]}<\/script>\n<!-- \/ Yoast SEO plugin. -->","yoast_head_json":{"title":"Contact - Ch\u00e2teau YON-FIGEAC","description":"Get in touch with us, wether you wish to visit the castle, organize an event or buy some wine.","robots":{"index":"index","follow":"follow","max-snippet":"max-snippet:-1","max-image-preview":"max-image-preview:large","max-video-preview":"max-video-preview:-1"},"canonical":"https:\/\/chateau-yon-figeac.com\/en\/contact\/","og_locale":"en_US","og_type":"article","og_title":"Contact - Ch\u00e2teau YON-FIGEAC","og_description":"Get in touch with us, wether you wish to visit the castle, organize an event or buy some wine.","og_url":"https:\/\/chateau-yon-figeac.com\/en\/contact\/","og_site_name":"Ch\u00e2teau YON-FIGEAC","article_modified_time":"2025-02-25T11:17:39+00:00","twitter_card":"summary_large_image","twitter_misc":{"Est. reading time":"1 minute"},"schema":{"@context":"https:\/\/schema.org","@graph":[{"@type":"WebPage","@id":"https:\/\/chateau-yon-figeac.com\/en\/contact\/","url":"https:\/\/chateau-yon-figeac.com\/en\/contact\/","name":"Contact - Ch\u00e2teau YON-FIGEAC","isPartOf":{"@id":"https:\/\/chateau-yon-figeac.com\/#website"},"datePublished":"2020-07-09T07:59:21+00:00","dateModified":"2025-02-25T11:17:39+00:00","description":"Get in touch with us, wether you wish to visit the castle, organize an event or buy some wine.","breadcrumb":{"@id":"https:\/\/chateau-yon-figeac.com\/en\/contact\/#breadcrumb"},"inLanguage":"en-US","potentialAction":[{"@type":"ReadAction","target":["https:\/\/chateau-yon-figeac.com\/en\/contact\/"]}]},{"@type":"BreadcrumbList","@id":"https:\/\/chateau-yon-figeac.com\/en\/contact\/#breadcrumb","itemListElement":[{"@type":"ListItem","position":1,"name":"Accueil","item":"https:\/\/chateau-yon-figeac.com\/en\/"},{"@type":"ListItem","position":2,"name":"Contact"}]},{"@type":"WebSite","@id":"https:\/\/chateau-yon-figeac.com\/#website","url":"https:\/\/chateau-yon-figeac.com\/","name":"Ch\u00e2teau YON-FIGEAC","description":"Grand cru Class\u00e9 Saint-\u00c9milion","publisher":{"@id":"https:\/\/chateau-yon-figeac.com\/#organization"},"potentialAction":[{"@type":"SearchAction","target":{"@type":"EntryPoint","urlTemplate":"https:\/\/chateau-yon-figeac.com\/?s={search_term_string}"},"query-input":{"@type":"PropertyValueSpecification","valueRequired":true,"valueName":"search_term_string"}}],"inLanguage":"en-US"},{"@type":"Organization","@id":"https:\/\/chateau-yon-figeac.com\/#organization","name":"Ch\u00e2teau YON-FIGEAC","url":"https:\/\/chateau-yon-figeac.com\/","logo":{"@type":"ImageObject","inLanguage":"en-US","@id":"https:\/\/chateau-yon-figeac.com\/#\/schema\/logo\/image\/","url":"https:\/\/chateau-yon-figeac.com\/wp-content\/uploads\/2020\/09\/logo-yon-figeac.png","contentUrl":"https:\/\/chateau-yon-figeac.com\/wp-content\/uploads\/2020\/09\/logo-yon-figeac.png","width":600,"height":101,"caption":"Ch\u00e2teau YON-FIGEAC"},"image":{"@id":"https:\/\/chateau-yon-figeac.com\/#\/schema\/logo\/image\/"}}]}},"_links":{"self":[{"href":"https:\/\/chateau-yon-figeac.com\/en\/wp-json\/wp\/v2\/pages\/399","targetHints":{"allow":["GET"]}}],"collection":[{"href":"https:\/\/chateau-yon-figeac.com\/en\/wp-json\/wp\/v2\/pages"}],"about":[{"href":"https:\/\/chateau-yon-figeac.com\/en\/wp-json\/wp\/v2\/types\/page"}],"author":[{"embeddable":true,"href":"https:\/\/chateau-yon-figeac.com\/en\/wp-json\/wp\/v2\/users\/1024"}],"replies":[{"embeddable":true,"href":"https:\/\/chateau-yon-figeac.com\/en\/wp-json\/wp\/v2\/comments?post=399"}],"version-history":[{"count":3,"href":"https:\/\/chateau-yon-figeac.com\/en\/wp-json\/wp\/v2\/pages\/399\/revisions"}],"predecessor-version":[{"id":687,"href":"https:\/\/chateau-yon-figeac.com\/en\/wp-json\/wp\/v2\/pages\/399\/revisions\/687"}],"wp:attachment":[{"href":"https:\/\/chateau-yon-figeac.com\/en\/wp-json\/wp\/v2\/media?parent=399"}],"curies":[{"name":"wp","href":"https:\/\/api.w.org\/{rel}","templated":true}]}}