{"id":392,"date":"2020-07-09T09:59:11","date_gmt":"2020-07-09T07:59:11","guid":{"rendered":"https:\/\/chateau-yon-figeac.com\/oenotourisme\/"},"modified":"2025-05-08T10:22:40","modified_gmt":"2025-05-08T08:22:40","slug":"wine-tourism","status":"publish","type":"page","link":"https:\/\/chateau-yon-figeac.com\/en\/wine-tourism\/","title":{"rendered":"Wine tourism"},"content":{"rendered":"[vc_row full_width=&#8221;stretch_row&#8221; full_height=&#8221;yes&#8221; min_height=&#8221;600&#8243; css=&#8221;.vc_custom_1594391307299{background-image: url(https:\/\/chateau-yon-figeac.com\/wp-content\/uploads\/2020\/07\/visite-bannier-top.jpg?id=164) !important;background-position: center !important;background-repeat: no-repeat !important;background-size: cover !important;}&#8221; wpex_bg_position=&#8221;center center&#8221;][vc_column][\/vc_column][\/vc_row][vc_row][vc_column][vc_column_text text_align=&#8221;center&#8221;]\n<h1>Wine Tours<\/h1>\n[\/vc_column_text][vc_column_text width=&#8221;800&#8243; align=&#8221;center&#8221; text_align=&#8221;center&#8221;]Ch\u00e2teau Yon-Figeac welcomes visitors to its cellars all year round. We have designed a range of guided tours to showcase the history and heritage of this charming estate.<\/p>\n<p>Tours are available in various formats, and can be tailored to the age and wine expertise of visitors. Tours are offered <strong>in french and english<\/strong>.<br \/>\n<a href=\"#widget-en\" rel=\"noopener noreferrer\">To book a tour, please click here<\/a>[\/vc_column_text][\/vc_column][\/vc_row][vc_row full_width=&#8221;stretch_row&#8221; content_placement=&#8221;middle&#8221; parallax=&#8221;content-moving&#8221; remove_bottom_col_margin=&#8221;true&#8221; min_height=&#8221;600&#8243; css=&#8221;.vc_custom_1594387195684{background-image: url(https:\/\/chateau-yon-figeac.com\/wp-content\/uploads\/2020\/07\/visite-banniere-1.jpg?id=161) !important;}&#8221;][vc_column][\/vc_column][\/vc_row][vc_row][vc_column][vc_raw_html el_id=&#8221;widget-en&#8221;]JTNDZGl2JTIwaWQlM0QlMjJ3aW5hbGlzdC13aWRnZXQtZTNxdjZqdGo5N24lMjIlMjBjbGFzcyUzRCUyMndpbmFsaXN0LXdpZGdldCUyMiUyMGRhdGEtbG9jYWxlJTNEJTIyZW5fVVMlMjIlMjBkYXRhLWhvc3QtaWQlM0QlMjIyMDMlMjIlMjBkYXRhLWhvc3Qtc2x1ZyUzRCUyMmNoYXRlYXUteW9uLWZpZ2VhYyUyMiUyMGRhdGEtaG9zdC1uYW1lJTNEJTIyQ2glQzMlQTJ0ZWF1JTIwWW9uLUZpZ2VhYyUyMiUzRSUwQSUyMCUyMCUyMCUyMCUzQ2ElMjBocmVmJTNEJTIyaHR0cHMlM0ElMkYlMkZ3d3cud2luYWxpc3QuY29tJTJGaG9zdHMlMkYyMDMlMkZjaGF0ZWF1LXlvbi1maWdlYWMlMjIlMjB0YXJnZXQlM0QlMjJfYmxhbmslMjIlM0VTZWUlMjBDaCVDMyVBMnRlYXUlMjBZb24tRmlnZWFjJTIwb24lMjBXaW5hbGlzdCUzQyUyRmElM0UlMEElMjAlMjAlMjAlMjAlM0NpbWclMjBzcmMlM0QlMjJodHRwcyUzQSUyRiUyRmNkbi53aW5hbGlzdC5jb20lMkZpbWclMkZhc3NldHMlMkZsb2dvX29ubHkucG5nJTIyJTIwJTJGJTNFJTBBJTIwJTIwJTNDJTJGZGl2JTNFJTBBJTIwJTIwJTNDc2NyaXB0JTIwdHlwZSUzRCUyMmFwcGxpY2F0aW9uJTJGamF2YXNjcmlwdCUyMiUzRSUwQSUyMCUyMCUyMCUyMCUyMCUyMHZhciUyMHdpbmFsaXN0V2lkZ2V0JTIwJTNEJTIwZG9jdW1lbnQuZ2V0RWxlbWVudEJ5SWQlMjglMjd3aW5hbGlzdC13aWRnZXQtZTNxdjZqdGo5N24lMjclMjklM0IlMEElMjAlMjAlMjAlMjAlMjAlMjB2YXIlMjBpJTIwJTNEJTIwZG9jdW1lbnQuY3JlYXRlRWxlbWVudCUyOCUyMmlmcmFtZSUyMiUyOSUzQiUwQSUyMCUyMCUyMCUyMCUyMCUyMGkuc3R5bGUud2lkdGglMjAlM0QlMjAlMjIxMDAlMjUlMjIlM0IlMEElMjAlMjAlMjAlMjAlMjAlMjBpLnN0eWxlLmhlaWdodCUyMCUzRCUyMCUyMjE0MDBweCUyMiUzQiUwQSUyMCUyMCUyMCUyMCUyMCUyMGkuc3R5bGUubWluSGVpZ2h0JTIwJTNEJTIwJTIyNTAwcHglMjIlM0IlMEElMjAlMjAlMjAlMjAlMjAlMjBpLnN0eWxlLmJvcmRlciUyMCUzRCUyMCUyMm5vbmUlMjIlM0IlMEElMjAlMjAlMjAlMjAlMjAlMjBpLnNldEF0dHJpYnV0ZSUyOCUyMnNyYyUyMiUyQyUyMCUyMmh0dHBzJTNBJTJGJTJGd3d3LndpbmFsaXN0LmZyJTJGZW1iZWQlMkZkNTk2ZjYyZTgyMGE1YWZhZDQ4MSUzRmxheW91dCUzRGxpc3QlMjZsb2NhbGUlM0Rlbl9VUyUyMiUyOSUzQiUwQSUyMCUyMCUyMCUyMCUyMCUyMGkuc2V0QXR0cmlidXRlJTI4JTIyYWxsb3clMjIlMkMlMjAlMjJwYXltZW50JTIyJTI5JTNCJTBBJTIwJTIwJTIwJTIwJTIwJTIwaWYlMjh3aW5hbGlzdFdpZGdldCUyOSUyMHdpbmFsaXN0V2lkZ2V0LmFwcGVuZENoaWxkJTI4aSUyOSUzQiUwQSUyMCUyMCUzQyUyRnNjcmlwdCUzRSUwQSUyMCUyMCUzQ3NjcmlwdCUyMHR5cGUlM0QlMjJhcHBsaWNhdGlvbiUyRmphdmFzY3JpcHQlMjIlMjBzcmMlM0QlMjJodHRwcyUzQSUyRiUyRnd3dy53aW5hbGlzdC5jb20lMkZ3aWRnZXQlMkZ3aWRnZXQtY29uZmlnLmpzJTIyJTNFJTNDJTJGc2NyaXB0JTNF[\/vc_raw_html][\/vc_column][\/vc_row][vc_row][vc_column][vc_column_text text_align=&#8221;center&#8221; el_class=&#8221;h1&#8243;]\n<h2>Traditional Tour<\/h2>\n[\/vc_column_text][\/vc_column][\/vc_row][vc_row][vc_column width=&#8221;1\/2&#8243;][vc_column_text]Welcome to Ch\u00e2teau Yon-Figeac ! Our tour begins with a presentation of the history of the estate and ch\u00e2teau, typical of the <a href=\"https:\/\/vins-saint-emilion.com\/\" target=\"_blank\" rel=\"noopener\">Saint-Emilion appellation<\/a>.<\/p>\n<p>We then dive into the terroir of Bordeaux and Saint-Emilion, ending with a focus on our estate, our classified vines and our grape varieties. We&#8217;ll enter the sparkling vat room, renovated in 2021, to talk about our winemaking techniques, then our barrel cellar where we&#8217;ll talk about <a href=\"https:\/\/chateau-yon-figeac.com\/en\/wine\/\">the ageing of our wines.<\/a><\/p>\n<p>Finally, you&#8217;ll taste three wines from the estate: our second wine Les Roches de Yon (Saint-Emilion Grand Cru) in two different vintages, and our first wine, Ch\u00e2teau Yon-Figeac (Saint-Emilion Grand Cru Class\u00e9).<\/p>\n<p><a href=\"#widget-en\" rel=\"noopener noreferrer\">To book a tour, please click here.<\/a>[\/vc_column_text][vc_single_image image=&#8221;453&#8243; alignment=&#8221;center&#8221; css=&#8221;.vc_custom_1663331907086{margin-top: 30px !important;}&#8221;][\/vc_column][vc_column width=&#8221;1\/2&#8243;][vc_single_image image=&#8221;485&#8243; alignment=&#8221;center&#8221; css=&#8221;.vc_custom_1663331920938{margin-bottom: 30px !important;}&#8221;][vc_column_text color=&#8221;#8a735c&#8221; el_class=&#8221;no-italic&#8221; font_weight=&#8221;bold&#8221;]Duration: 1 hour<br \/>\nPrice: \u20ac 20.00 per person[\/vc_column_text][vc_column_text]Contact : <a href=\"mailto:info@vignobles-alainchateau.com\">info@vignobles-alainchateau.com<\/a>[\/vc_column_text][\/vc_column][\/vc_row][vc_row][vc_column][vc_column_text text_align=&#8221;center&#8221; el_class=&#8221;h1&#8243;]\n<h2>Barrel Tasting<\/h2>\n[\/vc_column_text][\/vc_column][\/vc_row][vc_row][vc_column width=&#8221;1\/2&#8243;][vc_column_text]Sample the wine yourself from the barrel !<\/p>\n<p>To understand the influence of wood on wine, we suggest you taste the same vintage from three different barrels. You&#8217;ll have the privilege of tasting a wine during the process of ageing.<\/p>\n<p>The origin of the wood, the toasting and the age of the barrel will no longer hold any secrets for you ! We&#8217;ll also talk about the history of the estate and our winemaking methods.<\/p>\n<p>Finally, you&#8217;ll taste two of the estate&#8217;s wines: our second wine, Les Roches de Yon (Saint-Emilion Grand Cru) and our first wine, Ch\u00e2teau Yon-Figeac (Saint-Emilion Grand Cru Class\u00e9).<\/p>\n<p><a href=\"#widget-en\" rel=\"noopener noreferrer\">To book a tour, please click here.<\/a>[\/vc_column_text][vc_single_image image=&#8221;344&#8243; alignment=&#8221;center&#8221; css=&#8221;.vc_custom_1663333585015{margin-top: 30px !important;}&#8221;][\/vc_column][vc_column width=&#8221;1\/2&#8243;][vc_single_image image=&#8221;351&#8243; alignment=&#8221;center&#8221; css=&#8221;.vc_custom_1663333594900{margin-bottom: 30px !important;}&#8221;][vc_column_text color=&#8221;#8a735c&#8221; el_class=&#8221;no-italic&#8221; font_weight=&#8221;bold&#8221;]Duration: 75 min<br \/>\nPrice: \u20ac 45 per person[\/vc_column_text][vc_column_text]Contact : <a href=\"mailto:info@vignobles-alainchateau.com\">info@vignobles-alainchateau.com<\/a>[\/vc_column_text][\/vc_column][\/vc_row][vc_row full_width=&#8221;stretch_row&#8221; content_placement=&#8221;middle&#8221; parallax=&#8221;content-moving&#8221; parallax_image=&#8221;227&#8243; remove_bottom_col_margin=&#8221;true&#8221; min_height=&#8221;600&#8243; css=&#8221;.vc_custom_1595596384202{background-image: url(https:\/\/chateau-yon-figeac.com\/wp-content\/uploads\/2020\/07\/visite-banniere-2.jpg?id=162) !important;}&#8221;][vc_column][\/vc_column][\/vc_row]\n","protected":false},"excerpt":{"rendered":"<p>[vc_row full_width=&#8221;stretch_row&#8221; full_height=&#8221;yes&#8221; min_height=&#8221;600&#8243; css=&#8221;.vc_custom_1594391307299{background-image: url(https:\/\/chateau-yon-figeac.com\/wp-content\/uploads\/2020\/07\/visite-bannier-top.jpg?id=164) !important;background-position: center !important;background-repeat: no-repeat !important;background-size: cover !important;}&#8221; wpex_bg_position=&#8221;center center&#8221;][vc_column][\/vc_column][\/vc_row][vc_row][vc_column][vc_column_text text_align=&#8221;center&#8221;] Wine Tours [\/vc_column_text][vc_column_text width=&#8221;800&#8243; align=&#8221;center&#8221; text_align=&#8221;center&#8221;]Ch\u00e2teau Yon-Figeac welcomes visitors to its cellars all year round. We have designed a range of guided tours to&hellip;<\/p>\n","protected":false},"author":1024,"featured_media":0,"parent":0,"menu_order":0,"comment_status":"closed","ping_status":"closed","template":"","meta":{"footnotes":""},"class_list":["post-392","page","type-page","status-publish","hentry","entry","no-media"],"yoast_head":"<!-- This site is optimized with the Yoast SEO plugin v27.1.1 - https:\/\/yoast.com\/product\/yoast-seo-wordpress\/ -->\n<title>Wine tourism - Ch\u00e2teau YON-FIGEAC<\/title>\n<meta name=\"description\" content=\"Winery tours and wine tasting in Saint Emilion. Come and taste a Saint Emilion Grand cru class\u00e9.\" \/>\n<meta name=\"robots\" content=\"index, follow, max-snippet:-1, max-image-preview:large, max-video-preview:-1\" \/>\n<link rel=\"canonical\" href=\"https:\/\/chateau-yon-figeac.com\/en\/wine-tourism\/\" \/>\n<meta property=\"og:locale\" content=\"en_US\" \/>\n<meta property=\"og:type\" content=\"article\" \/>\n<meta property=\"og:title\" content=\"Wine tourism - Ch\u00e2teau YON-FIGEAC\" \/>\n<meta property=\"og:description\" content=\"Winery tours and wine tasting in Saint Emilion. Come and taste a Saint Emilion Grand cru class\u00e9.\" \/>\n<meta property=\"og:url\" content=\"https:\/\/chateau-yon-figeac.com\/en\/wine-tourism\/\" \/>\n<meta property=\"og:site_name\" content=\"Ch\u00e2teau YON-FIGEAC\" \/>\n<meta property=\"article:modified_time\" content=\"2025-05-08T08:22:40+00:00\" \/>\n<meta name=\"twitter:card\" content=\"summary_large_image\" \/>\n<meta name=\"twitter:label1\" content=\"Est. reading time\" \/>\n\t<meta name=\"twitter:data1\" content=\"2 minutes\" \/>\n<script type=\"application\/ld+json\" class=\"yoast-schema-graph\">{\"@context\":\"https:\/\/schema.org\",\"@graph\":[{\"@type\":\"WebPage\",\"@id\":\"https:\/\/chateau-yon-figeac.com\/en\/wine-tourism\/\",\"url\":\"https:\/\/chateau-yon-figeac.com\/en\/wine-tourism\/\",\"name\":\"Wine tourism - Ch\u00e2teau YON-FIGEAC\",\"isPartOf\":{\"@id\":\"https:\/\/chateau-yon-figeac.com\/#website\"},\"datePublished\":\"2020-07-09T07:59:11+00:00\",\"dateModified\":\"2025-05-08T08:22:40+00:00\",\"description\":\"Winery tours and wine tasting in Saint Emilion. Come and taste a Saint Emilion Grand cru class\u00e9.\",\"breadcrumb\":{\"@id\":\"https:\/\/chateau-yon-figeac.com\/en\/wine-tourism\/#breadcrumb\"},\"inLanguage\":\"en-US\",\"potentialAction\":[{\"@type\":\"ReadAction\",\"target\":[\"https:\/\/chateau-yon-figeac.com\/en\/wine-tourism\/\"]}]},{\"@type\":\"BreadcrumbList\",\"@id\":\"https:\/\/chateau-yon-figeac.com\/en\/wine-tourism\/#breadcrumb\",\"itemListElement\":[{\"@type\":\"ListItem\",\"position\":1,\"name\":\"Accueil\",\"item\":\"https:\/\/chateau-yon-figeac.com\/en\/\"},{\"@type\":\"ListItem\",\"position\":2,\"name\":\"Wine tourism\"}]},{\"@type\":\"WebSite\",\"@id\":\"https:\/\/chateau-yon-figeac.com\/#website\",\"url\":\"https:\/\/chateau-yon-figeac.com\/\",\"name\":\"Ch\u00e2teau YON-FIGEAC\",\"description\":\"Grand cru Class\u00e9 Saint-\u00c9milion\",\"publisher\":{\"@id\":\"https:\/\/chateau-yon-figeac.com\/#organization\"},\"potentialAction\":[{\"@type\":\"SearchAction\",\"target\":{\"@type\":\"EntryPoint\",\"urlTemplate\":\"https:\/\/chateau-yon-figeac.com\/?s={search_term_string}\"},\"query-input\":{\"@type\":\"PropertyValueSpecification\",\"valueRequired\":true,\"valueName\":\"search_term_string\"}}],\"inLanguage\":\"en-US\"},{\"@type\":\"Organization\",\"@id\":\"https:\/\/chateau-yon-figeac.com\/#organization\",\"name\":\"Ch\u00e2teau YON-FIGEAC\",\"url\":\"https:\/\/chateau-yon-figeac.com\/\",\"logo\":{\"@type\":\"ImageObject\",\"inLanguage\":\"en-US\",\"@id\":\"https:\/\/chateau-yon-figeac.com\/#\/schema\/logo\/image\/\",\"url\":\"https:\/\/chateau-yon-figeac.com\/wp-content\/uploads\/2020\/09\/logo-yon-figeac.png\",\"contentUrl\":\"https:\/\/chateau-yon-figeac.com\/wp-content\/uploads\/2020\/09\/logo-yon-figeac.png\",\"width\":600,\"height\":101,\"caption\":\"Ch\u00e2teau YON-FIGEAC\"},\"image\":{\"@id\":\"https:\/\/chateau-yon-figeac.com\/#\/schema\/logo\/image\/\"}}]}<\/script>\n<!-- \/ Yoast SEO plugin. -->","yoast_head_json":{"title":"Wine tourism - Ch\u00e2teau YON-FIGEAC","description":"Winery tours and wine tasting in Saint Emilion. Come and taste a Saint Emilion Grand cru class\u00e9.","robots":{"index":"index","follow":"follow","max-snippet":"max-snippet:-1","max-image-preview":"max-image-preview:large","max-video-preview":"max-video-preview:-1"},"canonical":"https:\/\/chateau-yon-figeac.com\/en\/wine-tourism\/","og_locale":"en_US","og_type":"article","og_title":"Wine tourism - Ch\u00e2teau YON-FIGEAC","og_description":"Winery tours and wine tasting in Saint Emilion. Come and taste a Saint Emilion Grand cru class\u00e9.","og_url":"https:\/\/chateau-yon-figeac.com\/en\/wine-tourism\/","og_site_name":"Ch\u00e2teau YON-FIGEAC","article_modified_time":"2025-05-08T08:22:40+00:00","twitter_card":"summary_large_image","twitter_misc":{"Est. reading time":"2 minutes"},"schema":{"@context":"https:\/\/schema.org","@graph":[{"@type":"WebPage","@id":"https:\/\/chateau-yon-figeac.com\/en\/wine-tourism\/","url":"https:\/\/chateau-yon-figeac.com\/en\/wine-tourism\/","name":"Wine tourism - Ch\u00e2teau YON-FIGEAC","isPartOf":{"@id":"https:\/\/chateau-yon-figeac.com\/#website"},"datePublished":"2020-07-09T07:59:11+00:00","dateModified":"2025-05-08T08:22:40+00:00","description":"Winery tours and wine tasting in Saint Emilion. Come and taste a Saint Emilion Grand cru class\u00e9.","breadcrumb":{"@id":"https:\/\/chateau-yon-figeac.com\/en\/wine-tourism\/#breadcrumb"},"inLanguage":"en-US","potentialAction":[{"@type":"ReadAction","target":["https:\/\/chateau-yon-figeac.com\/en\/wine-tourism\/"]}]},{"@type":"BreadcrumbList","@id":"https:\/\/chateau-yon-figeac.com\/en\/wine-tourism\/#breadcrumb","itemListElement":[{"@type":"ListItem","position":1,"name":"Accueil","item":"https:\/\/chateau-yon-figeac.com\/en\/"},{"@type":"ListItem","position":2,"name":"Wine tourism"}]},{"@type":"WebSite","@id":"https:\/\/chateau-yon-figeac.com\/#website","url":"https:\/\/chateau-yon-figeac.com\/","name":"Ch\u00e2teau YON-FIGEAC","description":"Grand cru Class\u00e9 Saint-\u00c9milion","publisher":{"@id":"https:\/\/chateau-yon-figeac.com\/#organization"},"potentialAction":[{"@type":"SearchAction","target":{"@type":"EntryPoint","urlTemplate":"https:\/\/chateau-yon-figeac.com\/?s={search_term_string}"},"query-input":{"@type":"PropertyValueSpecification","valueRequired":true,"valueName":"search_term_string"}}],"inLanguage":"en-US"},{"@type":"Organization","@id":"https:\/\/chateau-yon-figeac.com\/#organization","name":"Ch\u00e2teau YON-FIGEAC","url":"https:\/\/chateau-yon-figeac.com\/","logo":{"@type":"ImageObject","inLanguage":"en-US","@id":"https:\/\/chateau-yon-figeac.com\/#\/schema\/logo\/image\/","url":"https:\/\/chateau-yon-figeac.com\/wp-content\/uploads\/2020\/09\/logo-yon-figeac.png","contentUrl":"https:\/\/chateau-yon-figeac.com\/wp-content\/uploads\/2020\/09\/logo-yon-figeac.png","width":600,"height":101,"caption":"Ch\u00e2teau YON-FIGEAC"},"image":{"@id":"https:\/\/chateau-yon-figeac.com\/#\/schema\/logo\/image\/"}}]}},"_links":{"self":[{"href":"https:\/\/chateau-yon-figeac.com\/en\/wp-json\/wp\/v2\/pages\/392","targetHints":{"allow":["GET"]}}],"collection":[{"href":"https:\/\/chateau-yon-figeac.com\/en\/wp-json\/wp\/v2\/pages"}],"about":[{"href":"https:\/\/chateau-yon-figeac.com\/en\/wp-json\/wp\/v2\/types\/page"}],"author":[{"embeddable":true,"href":"https:\/\/chateau-yon-figeac.com\/en\/wp-json\/wp\/v2\/users\/1024"}],"replies":[{"embeddable":true,"href":"https:\/\/chateau-yon-figeac.com\/en\/wp-json\/wp\/v2\/comments?post=392"}],"version-history":[{"count":30,"href":"https:\/\/chateau-yon-figeac.com\/en\/wp-json\/wp\/v2\/pages\/392\/revisions"}],"predecessor-version":[{"id":722,"href":"https:\/\/chateau-yon-figeac.com\/en\/wp-json\/wp\/v2\/pages\/392\/revisions\/722"}],"wp:attachment":[{"href":"https:\/\/chateau-yon-figeac.com\/en\/wp-json\/wp\/v2\/media?parent=392"}],"curies":[{"name":"wp","href":"https:\/\/api.w.org\/{rel}","templated":true}]}}