{"id":383,"date":"2020-07-09T09:58:22","date_gmt":"2020-07-09T07:58:22","guid":{"rendered":"https:\/\/chateau-yon-figeac.com\/nos-references\/"},"modified":"2025-02-25T12:11:20","modified_gmt":"2025-02-25T11:11:20","slug":"wine","status":"publish","type":"page","link":"https:\/\/chateau-yon-figeac.com\/en\/wine\/","title":{"rendered":"Our wines"},"content":{"rendered":"[vc_row full_width=&#8221;stretch_row&#8221; full_height=&#8221;yes&#8221; min_height=&#8221;600&#8243; css=&#8221;.vc_custom_1594391349387{background-image: url(https:\/\/chateau-yon-figeac.com\/wp-content\/uploads\/2020\/07\/reference-bannier-top.jpg?id=145) !important;background-position: center !important;background-repeat: no-repeat !important;background-size: cover !important;}&#8221; wpex_bg_position=&#8221;center center&#8221;][vc_column][\/vc_column][\/vc_row][vc_row full_width=&#8221;stretch_row&#8221; css=&#8221;.vc_custom_1594386206700{background-image: url(https:\/\/chateau-yon-figeac.com\/wp-content\/uploads\/2020\/07\/reference-bannier-bg.jpg?id=150) !important;}&#8221;][vc_column][vc_column_text]\n<p style=\"text-align: center;\">Refined, harmonious, racy&#8230; The wines of Ch\u00e2teau Yon-Figeac express the classicism of Saint-Emilion while adding their own touch of modernity: remarkable fruitiness, spicy notes and unprecedented freshness.<br \/>\nThis balance and elegance, common to all vintages, constitute the identity of Ch\u00e2teau Yon-Figeac wines and are intrinsically linked to the terroir and the techniques adopted in the vineyard and cellar.<\/p>\n<p style=\"text-align: center;\"><a href=\"https:\/\/chateau-yon-figeac.com\/en\/wine-tourism\/\">Tastings on appointment at the castle.<\/a><\/p>\n[\/vc_column_text][vc_column_text text_align=&#8221;center&#8221;]\n<h1>References<\/h1>\n[\/vc_column_text][vc_tta_tabs alignment=&#8221;center&#8221; active_section=&#8221;1&#8243; no_fill_content_area=&#8221;true&#8221; el_class=&#8221;yon-tabs&#8221;][vc_tta_section title=&#8221;Ch\u00e2teau Yon-Figeac&#8221; tab_id=&#8221;chateau-yon-figeac&#8221;][vc_column_text text_align=&#8221;center&#8221; width=&#8221;800&#8243; align=&#8221;center&#8221;]Located on the Right Bank of the Dordogne River, 50 kilometres from Bordeaux in the heart of the Saint-\u00c9milion appellation, the estate was established in the early 19th century and is now recognised as one of the leading properties of the appellation, in terms of both its size and the quality of its wines.[\/vc_column_text][vc_empty_space height=&#8221;40px&#8221;][vc_row_inner][vc_column_inner width=&#8221;1\/2&#8243;][vc_single_image image=&#8221;470&#8243; alignment=&#8221;center&#8221;][vc_column_text el_class=&#8221;yon-tabs-btn&#8221;]<a class=\"yon-tabs-btn-brown\" href=\"https:\/\/chateau-yon-figeac.com\/wp-content\/uploads\/2025\/02\/YF-eng_fiches-techniques_merged_compressed.pdf\" target=\"_blank\" rel=\"noopener noreferrer\">Download the fact sheet (PDF)<\/a> <a class=\"yon-tabs-btn-black\" href=\"https:\/\/chateau-yon-figeac.com\/en\/contact\/\" target=\"_blank\" rel=\"noopener noreferrer\">Request more information<\/a>[\/vc_column_text][\/vc_column_inner][vc_column_inner width=&#8221;1\/2&#8243;][vc_column_text el_class=&#8221;yon-tabs-title&#8221;]<em>VINEYARD<\/em>[\/vc_column_text][vc_column_text el_class=&#8221;yon-tabs-content&#8221;]<em>Surface:<\/em> 24 hectares<br \/>\n<em>Soils:<\/em> clay and sandy soils on iron slag<br \/>\n<em>Grapes:<\/em> 80% Merlot, 13% Cabernet Franc, 7% Petit-Verdot<br \/>\n<em>Density:<\/em> 6200 plants\/ha<br \/>\n<em>Technical itinerary:<\/em> sustainable agriculture and traditional ploughing<br \/>\n<em>Average age of vines:<\/em> 32 years old[\/vc_column_text][vc_empty_space height=&#8221;20px&#8221;][vc_column_text el_class=&#8221;yon-tabs-title&#8221;]<em>VINIFICATION<\/em>[\/vc_column_text][vc_column_text el_class=&#8221;yon-tabs-content&#8221;]<em>Harvest:<\/em> manual<br \/>\n<em>Type of vats:<\/em> heat regulated tronconic stainless steel vats<br \/>\n<em>Vinification:<\/em><br \/>\n&#8211; parcel selection<br \/>\n&#8211; mechanical sorting<br \/>\n&#8211; vatting of 25 to 30 days: reasoned daily extraction, hot postfermentation maceration<br \/>\n<em>Aging:<\/em> 40% in new oak barrels and 60% in barrels of one or two wines, French oak, during 12 months<br \/>\n<em>Blend:<\/em> Merlot, Cabernet Franc, Petit Verdot<br \/>\n<em>Average yield:<\/em> 38hl\/hectare<br \/>\n<em>Second wine:<\/em> Les Roches de Yon, Saint-\u00c9milion Grand Cru[\/vc_column_text][\/vc_column_inner][\/vc_row_inner][\/vc_tta_section][vc_tta_section title=&#8221;Les Roches de Yon&#8221; tab_id=&#8221;les-roches-de-yon-figeac&#8221;][vc_column_text text_align=&#8221;center&#8221; width=&#8221;800&#8243; align=&#8221;center&#8221;]Located on the Right Bank of the Dordogne River, 50 kilometres from Bordeaux in the heart of the Saint-\u00c9milion appellation, the estate was established in the early 19th century and is now recognised as one of the leading properties of the appellation, in terms of both its size and the quality of its wines.[\/vc_column_text][vc_empty_space height=&#8221;40px&#8221;][vc_row_inner][vc_column_inner width=&#8221;1\/2&#8243;][vc_single_image image=&#8221;433&#8243; alignment=&#8221;center&#8221;][vc_column_text el_class=&#8221;yon-tabs-btn&#8221;]<a class=\"yon-tabs-btn-brown\" href=\"https:\/\/chateau-yon-figeac.com\/wp-content\/uploads\/2025\/02\/RY-ang_compressed_merged.pdf\" target=\"_blank\" rel=\"noopener noreferrer\">Download the fact sheet (PDF)<\/a> <a class=\"yon-tabs-btn-black\" href=\"https:\/\/chateau-yon-figeac.com\/en\/contact\/\" target=\"_blank\" rel=\"noopener noreferrer\">Request more information<\/a>[\/vc_column_text][\/vc_column_inner][vc_column_inner width=&#8221;1\/2&#8243;][vc_column_text el_class=&#8221;yon-tabs-title&#8221;]<em>VINEYARD<\/em>[\/vc_column_text][vc_column_text el_class=&#8221;yon-tabs-content&#8221;]<em>Surface:<\/em> 24 hectares<br \/>\n<em>Soils:<\/em> clay and sandy soils on iron slag<br \/>\n<em>Grapes:<\/em> 80% Merlot, 13% Cabernet Franc, 7% Petit-Verdot<br \/>\n<em>Density:<\/em> 6200 plants\/ha<br \/>\n<em>Technical itinerary:<\/em> sustainable agriculture and traditional ploughing<br \/>\n<em>Average age of vines:<\/em> 32 years old[\/vc_column_text][vc_empty_space height=&#8221;20px&#8221;][vc_column_text el_class=&#8221;yon-tabs-title&#8221;]<em>VINIFICATION<\/em>[\/vc_column_text][vc_column_text el_class=&#8221;yon-tabs-content&#8221;]<em>Harvest:<\/em> manual<br \/>\n<em>Type of vats:<\/em> heat regulated tronconic stainless steel vats<br \/>\n<em>Vinification:<\/em><br \/>\n&#8211; parcel selection<br \/>\n&#8211; mechanical sorting<br \/>\n&#8211; vatting of 25 to 30 days: reasoned daily extraction, hot postfermentation maceration<br \/>\n<em>Aging:<\/em> in wooden vats or barrels of one or two wine, French oak<br \/>\n<em>Blend:<\/em> Merlot and Cabernet Franc<br \/>\n<em>Average yield:<\/em> 40hl\/hectare[\/vc_column_text][\/vc_column_inner][\/vc_row_inner][\/vc_tta_section][\/vc_tta_tabs][\/vc_column][\/vc_row][vc_row css=&#8221;.vc_custom_1594386449593{margin-top: 60px !important;margin-bottom: 20px !important;}&#8221;][vc_column width=&#8221;1\/3&#8243;][vc_single_image image=&#8221;348&#8243; alignment=&#8221;center&#8221;][\/vc_column][vc_column width=&#8221;2\/3&#8243;][vc_column_text text_align=&#8221;center&#8221; el_class=&#8221;h1&#8243;]\n<h2>Food and wine <em>pairings<\/em><\/h2>\n[\/vc_column_text][vc_tta_tabs alignment=&#8221;center&#8221; active_section=&#8221;1&#8243; no_fill_content_area=&#8221;true&#8221; el_class=&#8221;yon-tabs&#8221;][vc_tta_section title=&#8221;Ch\u00e2teau Yon-Figeac&#8221; tab_id=&#8221;1594304113230-8400b273-f34c&#8221;][vc_column_text width=&#8221;800&#8243; align=&#8221;center&#8221;]\n<p class=\"p1\">This beautifully complex wine lends itself to any number of possible pairings, especially with red meat, either grilled or accompanied by rich sauces, as well as chocolate desserts.<\/p>\n[\/vc_column_text][\/vc_tta_section][vc_tta_section title=&#8221;Les Roches de Yon&#8221; tab_id=&#8221;1594304113656-3a928a6f-a5d9&#8243;][vc_column_text width=&#8221;800&#8243; align=&#8221;center&#8221;]\n<p class=\"p1\">This beautifully complex wine lends itself to any number of possible pairings, especially with red meat, either grilled or accompanied by rich sauces, as well as chocolate desserts.<\/p>\n[\/vc_column_text][\/vc_tta_section][\/vc_tta_tabs][\/vc_column][\/vc_row][vc_row full_width=&#8221;stretch_row&#8221; content_placement=&#8221;middle&#8221; parallax=&#8221;content-moving&#8221; remove_bottom_col_margin=&#8221;true&#8221; min_height=&#8221;600&#8243; css=&#8221;.vc_custom_1594386413562{background-image: url(https:\/\/chateau-yon-figeac.com\/wp-content\/uploads\/2020\/07\/reference-banniere-1.jpg?id=157) !important;}&#8221;][vc_column][\/vc_column][\/vc_row]\n","protected":false},"excerpt":{"rendered":"<p>[vc_row full_width=&#8221;stretch_row&#8221; full_height=&#8221;yes&#8221; min_height=&#8221;600&#8243; css=&#8221;.vc_custom_1594391349387{background-image: url(https:\/\/chateau-yon-figeac.com\/wp-content\/uploads\/2020\/07\/reference-bannier-top.jpg?id=145) !important;background-position: center !important;background-repeat: no-repeat !important;background-size: cover !important;}&#8221; wpex_bg_position=&#8221;center center&#8221;][vc_column][\/vc_column][\/vc_row][vc_row full_width=&#8221;stretch_row&#8221; css=&#8221;.vc_custom_1594386206700{background-image: url(https:\/\/chateau-yon-figeac.com\/wp-content\/uploads\/2020\/07\/reference-bannier-bg.jpg?id=150) !important;}&#8221;][vc_column][vc_column_text] Refined, harmonious, racy&#8230; The wines of Ch\u00e2teau Yon-Figeac express the classicism of Saint-Emilion while adding their own touch of modernity: remarkable&hellip;<\/p>\n","protected":false},"author":1024,"featured_media":0,"parent":0,"menu_order":0,"comment_status":"closed","ping_status":"closed","template":"","meta":{"footnotes":""},"class_list":["post-383","page","type-page","status-publish","hentry","entry","no-media"],"yoast_head":"<!-- This site is optimized with the Yoast SEO plugin v27.1.1 - https:\/\/yoast.com\/product\/yoast-seo-wordpress\/ -->\n<title>Our wines - Ch\u00e2teau YON-FIGEAC<\/title>\n<meta name=\"robots\" content=\"index, follow, max-snippet:-1, max-image-preview:large, max-video-preview:-1\" \/>\n<link rel=\"canonical\" href=\"https:\/\/chateau-yon-figeac.com\/en\/wine\/\" \/>\n<meta property=\"og:locale\" content=\"en_US\" \/>\n<meta property=\"og:type\" content=\"article\" \/>\n<meta property=\"og:title\" content=\"Our wines - Ch\u00e2teau YON-FIGEAC\" \/>\n<meta property=\"og:description\" content=\"[vc_row full_width=&#8221;stretch_row&#8221; full_height=&#8221;yes&#8221; min_height=&#8221;600&#8243; css=&#8221;.vc_custom_1594391349387{background-image: url(https:\/\/chateau-yon-figeac.com\/wp-content\/uploads\/2020\/07\/reference-bannier-top.jpg?id=145) !important;background-position: center !important;background-repeat: no-repeat !important;background-size: cover !important;}&#8221; wpex_bg_position=&#8221;center center&#8221;][vc_column][\/vc_column][\/vc_row][vc_row full_width=&#8221;stretch_row&#8221; css=&#8221;.vc_custom_1594386206700{background-image: url(https:\/\/chateau-yon-figeac.com\/wp-content\/uploads\/2020\/07\/reference-bannier-bg.jpg?id=150) !important;}&#8221;][vc_column][vc_column_text] Refined, harmonious, racy&#8230; The wines of Ch\u00e2teau Yon-Figeac express the classicism of Saint-Emilion while adding their own touch of modernity: remarkable&hellip;\" \/>\n<meta property=\"og:url\" content=\"https:\/\/chateau-yon-figeac.com\/en\/wine\/\" \/>\n<meta property=\"og:site_name\" content=\"Ch\u00e2teau YON-FIGEAC\" \/>\n<meta property=\"article:modified_time\" content=\"2025-02-25T11:11:20+00:00\" \/>\n<meta name=\"twitter:card\" content=\"summary_large_image\" \/>\n<meta name=\"twitter:label1\" content=\"Est. reading time\" \/>\n\t<meta name=\"twitter:data1\" content=\"5 minutes\" \/>\n<script type=\"application\/ld+json\" class=\"yoast-schema-graph\">{\"@context\":\"https:\/\/schema.org\",\"@graph\":[{\"@type\":\"WebPage\",\"@id\":\"https:\/\/chateau-yon-figeac.com\/en\/wine\/\",\"url\":\"https:\/\/chateau-yon-figeac.com\/en\/wine\/\",\"name\":\"Our wines - Ch\u00e2teau YON-FIGEAC\",\"isPartOf\":{\"@id\":\"https:\/\/chateau-yon-figeac.com\/#website\"},\"datePublished\":\"2020-07-09T07:58:22+00:00\",\"dateModified\":\"2025-02-25T11:11:20+00:00\",\"breadcrumb\":{\"@id\":\"https:\/\/chateau-yon-figeac.com\/en\/wine\/#breadcrumb\"},\"inLanguage\":\"en-US\",\"potentialAction\":[{\"@type\":\"ReadAction\",\"target\":[\"https:\/\/chateau-yon-figeac.com\/en\/wine\/\"]}]},{\"@type\":\"BreadcrumbList\",\"@id\":\"https:\/\/chateau-yon-figeac.com\/en\/wine\/#breadcrumb\",\"itemListElement\":[{\"@type\":\"ListItem\",\"position\":1,\"name\":\"Accueil\",\"item\":\"https:\/\/chateau-yon-figeac.com\/en\/\"},{\"@type\":\"ListItem\",\"position\":2,\"name\":\"Our wines\"}]},{\"@type\":\"WebSite\",\"@id\":\"https:\/\/chateau-yon-figeac.com\/#website\",\"url\":\"https:\/\/chateau-yon-figeac.com\/\",\"name\":\"Ch\u00e2teau YON-FIGEAC\",\"description\":\"Grand cru Class\u00e9 Saint-\u00c9milion\",\"publisher\":{\"@id\":\"https:\/\/chateau-yon-figeac.com\/#organization\"},\"potentialAction\":[{\"@type\":\"SearchAction\",\"target\":{\"@type\":\"EntryPoint\",\"urlTemplate\":\"https:\/\/chateau-yon-figeac.com\/?s={search_term_string}\"},\"query-input\":{\"@type\":\"PropertyValueSpecification\",\"valueRequired\":true,\"valueName\":\"search_term_string\"}}],\"inLanguage\":\"en-US\"},{\"@type\":\"Organization\",\"@id\":\"https:\/\/chateau-yon-figeac.com\/#organization\",\"name\":\"Ch\u00e2teau YON-FIGEAC\",\"url\":\"https:\/\/chateau-yon-figeac.com\/\",\"logo\":{\"@type\":\"ImageObject\",\"inLanguage\":\"en-US\",\"@id\":\"https:\/\/chateau-yon-figeac.com\/#\/schema\/logo\/image\/\",\"url\":\"https:\/\/chateau-yon-figeac.com\/wp-content\/uploads\/2020\/09\/logo-yon-figeac.png\",\"contentUrl\":\"https:\/\/chateau-yon-figeac.com\/wp-content\/uploads\/2020\/09\/logo-yon-figeac.png\",\"width\":600,\"height\":101,\"caption\":\"Ch\u00e2teau YON-FIGEAC\"},\"image\":{\"@id\":\"https:\/\/chateau-yon-figeac.com\/#\/schema\/logo\/image\/\"}}]}<\/script>\n<!-- \/ Yoast SEO plugin. -->","yoast_head_json":{"title":"Our wines - Ch\u00e2teau YON-FIGEAC","robots":{"index":"index","follow":"follow","max-snippet":"max-snippet:-1","max-image-preview":"max-image-preview:large","max-video-preview":"max-video-preview:-1"},"canonical":"https:\/\/chateau-yon-figeac.com\/en\/wine\/","og_locale":"en_US","og_type":"article","og_title":"Our wines - Ch\u00e2teau YON-FIGEAC","og_description":"[vc_row full_width=&#8221;stretch_row&#8221; full_height=&#8221;yes&#8221; min_height=&#8221;600&#8243; css=&#8221;.vc_custom_1594391349387{background-image: url(https:\/\/chateau-yon-figeac.com\/wp-content\/uploads\/2020\/07\/reference-bannier-top.jpg?id=145) !important;background-position: center !important;background-repeat: no-repeat !important;background-size: cover !important;}&#8221; wpex_bg_position=&#8221;center center&#8221;][vc_column][\/vc_column][\/vc_row][vc_row full_width=&#8221;stretch_row&#8221; css=&#8221;.vc_custom_1594386206700{background-image: url(https:\/\/chateau-yon-figeac.com\/wp-content\/uploads\/2020\/07\/reference-bannier-bg.jpg?id=150) !important;}&#8221;][vc_column][vc_column_text] Refined, harmonious, racy&#8230; The wines of Ch\u00e2teau Yon-Figeac express the classicism of Saint-Emilion while adding their own touch of modernity: remarkable&hellip;","og_url":"https:\/\/chateau-yon-figeac.com\/en\/wine\/","og_site_name":"Ch\u00e2teau YON-FIGEAC","article_modified_time":"2025-02-25T11:11:20+00:00","twitter_card":"summary_large_image","twitter_misc":{"Est. reading time":"5 minutes"},"schema":{"@context":"https:\/\/schema.org","@graph":[{"@type":"WebPage","@id":"https:\/\/chateau-yon-figeac.com\/en\/wine\/","url":"https:\/\/chateau-yon-figeac.com\/en\/wine\/","name":"Our wines - Ch\u00e2teau YON-FIGEAC","isPartOf":{"@id":"https:\/\/chateau-yon-figeac.com\/#website"},"datePublished":"2020-07-09T07:58:22+00:00","dateModified":"2025-02-25T11:11:20+00:00","breadcrumb":{"@id":"https:\/\/chateau-yon-figeac.com\/en\/wine\/#breadcrumb"},"inLanguage":"en-US","potentialAction":[{"@type":"ReadAction","target":["https:\/\/chateau-yon-figeac.com\/en\/wine\/"]}]},{"@type":"BreadcrumbList","@id":"https:\/\/chateau-yon-figeac.com\/en\/wine\/#breadcrumb","itemListElement":[{"@type":"ListItem","position":1,"name":"Accueil","item":"https:\/\/chateau-yon-figeac.com\/en\/"},{"@type":"ListItem","position":2,"name":"Our wines"}]},{"@type":"WebSite","@id":"https:\/\/chateau-yon-figeac.com\/#website","url":"https:\/\/chateau-yon-figeac.com\/","name":"Ch\u00e2teau YON-FIGEAC","description":"Grand cru Class\u00e9 Saint-\u00c9milion","publisher":{"@id":"https:\/\/chateau-yon-figeac.com\/#organization"},"potentialAction":[{"@type":"SearchAction","target":{"@type":"EntryPoint","urlTemplate":"https:\/\/chateau-yon-figeac.com\/?s={search_term_string}"},"query-input":{"@type":"PropertyValueSpecification","valueRequired":true,"valueName":"search_term_string"}}],"inLanguage":"en-US"},{"@type":"Organization","@id":"https:\/\/chateau-yon-figeac.com\/#organization","name":"Ch\u00e2teau YON-FIGEAC","url":"https:\/\/chateau-yon-figeac.com\/","logo":{"@type":"ImageObject","inLanguage":"en-US","@id":"https:\/\/chateau-yon-figeac.com\/#\/schema\/logo\/image\/","url":"https:\/\/chateau-yon-figeac.com\/wp-content\/uploads\/2020\/09\/logo-yon-figeac.png","contentUrl":"https:\/\/chateau-yon-figeac.com\/wp-content\/uploads\/2020\/09\/logo-yon-figeac.png","width":600,"height":101,"caption":"Ch\u00e2teau YON-FIGEAC"},"image":{"@id":"https:\/\/chateau-yon-figeac.com\/#\/schema\/logo\/image\/"}}]}},"_links":{"self":[{"href":"https:\/\/chateau-yon-figeac.com\/en\/wp-json\/wp\/v2\/pages\/383","targetHints":{"allow":["GET"]}}],"collection":[{"href":"https:\/\/chateau-yon-figeac.com\/en\/wp-json\/wp\/v2\/pages"}],"about":[{"href":"https:\/\/chateau-yon-figeac.com\/en\/wp-json\/wp\/v2\/types\/page"}],"author":[{"embeddable":true,"href":"https:\/\/chateau-yon-figeac.com\/en\/wp-json\/wp\/v2\/users\/1024"}],"replies":[{"embeddable":true,"href":"https:\/\/chateau-yon-figeac.com\/en\/wp-json\/wp\/v2\/comments?post=383"}],"version-history":[{"count":20,"href":"https:\/\/chateau-yon-figeac.com\/en\/wp-json\/wp\/v2\/pages\/383\/revisions"}],"predecessor-version":[{"id":685,"href":"https:\/\/chateau-yon-figeac.com\/en\/wp-json\/wp\/v2\/pages\/383\/revisions\/685"}],"wp:attachment":[{"href":"https:\/\/chateau-yon-figeac.com\/en\/wp-json\/wp\/v2\/media?parent=383"}],"curies":[{"name":"wp","href":"https:\/\/api.w.org\/{rel}","templated":true}]}}