{"id":379,"date":"2020-07-09T09:58:42","date_gmt":"2020-07-09T07:58:42","guid":{"rendered":"https:\/\/chateau-yon-figeac.com\/le-proprietaire\/"},"modified":"2025-02-25T12:09:03","modified_gmt":"2025-02-25T11:09:03","slug":"the-owner","status":"publish","type":"page","link":"https:\/\/chateau-yon-figeac.com\/en\/the-owner\/","title":{"rendered":"The owner"},"content":{"rendered":"[vc_row full_width=&#8221;stretch_row_content&#8221; remove_bottom_col_margin=&#8221;true&#8221;][vc_column][vc_single_image image=&#8221;347&#8243; alignment=&#8221;center&#8221;][\/vc_column][\/vc_row][vc_row full_width=&#8221;stretch_row&#8221; css=&#8221;.vc_custom_1594385871364{background-image: url(https:\/\/chateau-yon-figeac.com\/wp-content\/uploads\/2020\/07\/proprietaire-banniere-bg.jpg?id=143) !important;}&#8221;][vc_column][vc_column_text text_align=&#8221;center&#8221;]\n<h1>The owner, <em>Alain Ch\u00e2teau<\/em><\/h1>\n[\/vc_column_text][vc_column_text width=&#8221;800&#8243; align=&#8221;center&#8221; text_align=&#8221;center&#8221;]\n<p style=\"text-align: justify;\">Alain Ch\u00e2teau purchased the estate in 2005. As a trained engineer with an industrial background, he didn\u2019t always seem destined for life as a winemaker&#8230; but his passion for wine and its landscapes decided otherwise. After learning the ropes at several estates in the Anjou region, the opportunity arose to pursue a new winemaking adventure in Saint-\u00c9milion, at Ch\u00e2teau Yon-Figeac.<\/p>\n<p style=\"text-align: justify;\">Drawing on his industry experience, he adopted a rigorous approach to managing this new estate, pushing all involved to strive constantly to achieve bigger and better things. He also immediately sought out the expert advice of Denis Dubourdieu, Professor at the <a href=\"https:\/\/www.isvv.u-bordeaux.fr\/fr\/recherche\/chaires-de-recherche\/chaire-denis-dubourdieu.html\" target=\"_blank\" rel=\"noopener\">Bordeaux Faculty of Oenology<\/a>.<\/p>\n<p style=\"text-align: justify;\">The winemaking profession is a fast-moving world, and since 2005 Alain Ch\u00e2teau has surrounded himself with a team of top professionals, including consulting <a href=\"https:\/\/chateau-yon-figeac.com\/en\/wine\/\">oenologist Christophe Ollivier<\/a> and vineyard manager Paulin Escoubou\u00e9.<\/p>\n[\/vc_column_text][vc_row_inner css=&#8221;.vc_custom_1595319231910{margin-top: 30px !important;}&#8221;][vc_column_inner width=&#8221;1\/12&#8243;][\/vc_column_inner][vc_column_inner width=&#8221;5\/12&#8243;][vc_single_image image=&#8221;327&#8243; alignment=&#8221;left&#8221;][\/vc_column_inner][vc_column_inner width=&#8221;5\/12&#8243;][vc_single_image image=&#8221;326&#8243; alignment=&#8221;left&#8221;][\/vc_column_inner][vc_column_inner width=&#8221;1\/12&#8243;][\/vc_column_inner][\/vc_row_inner][\/vc_column][\/vc_row][vc_row full_width=&#8221;stretch_row&#8221; content_placement=&#8221;middle&#8221; parallax=&#8221;content-moving&#8221; parallax_image=&#8221;207&#8243; remove_bottom_col_margin=&#8221;true&#8221; min_height=&#8221;600&#8243; css=&#8221;.vc_custom_1595595601683{background-image: url(https:\/\/chateau-yon-figeac.com\/wp-content\/uploads\/2020\/07\/proprietaire-banniere-1.jpg?id=141) !important;}&#8221;][vc_column][\/vc_column][\/vc_row][vc_row][vc_column][\/vc_column][\/vc_row]\n","protected":false},"excerpt":{"rendered":"<p>[vc_row full_width=&#8221;stretch_row_content&#8221; remove_bottom_col_margin=&#8221;true&#8221;][vc_column][vc_single_image image=&#8221;347&#8243; alignment=&#8221;center&#8221;][\/vc_column][\/vc_row][vc_row full_width=&#8221;stretch_row&#8221; css=&#8221;.vc_custom_1594385871364{background-image: url(https:\/\/chateau-yon-figeac.com\/wp-content\/uploads\/2020\/07\/proprietaire-banniere-bg.jpg?id=143) !important;}&#8221;][vc_column][vc_column_text text_align=&#8221;center&#8221;] The owner, Alain Ch\u00e2teau [\/vc_column_text][vc_column_text width=&#8221;800&#8243; align=&#8221;center&#8221; text_align=&#8221;center&#8221;] Alain Ch\u00e2teau purchased the estate in 2005. As a trained engineer with an industrial background, he didn\u2019t always seem destined for life&hellip;<\/p>\n","protected":false},"author":1024,"featured_media":0,"parent":0,"menu_order":0,"comment_status":"closed","ping_status":"closed","template":"","meta":{"footnotes":""},"class_list":["post-379","page","type-page","status-publish","hentry","entry","no-media"],"yoast_head":"<!-- This site is optimized with the Yoast SEO plugin v27.1.1 - https:\/\/yoast.com\/product\/yoast-seo-wordpress\/ -->\n<title>The owner - Ch\u00e2teau YON-FIGEAC<\/title>\n<meta name=\"description\" content=\"Alain Ch\u00e2teau, the owner of Ch\u00e2teau Yon-Figeac, purchased the estate in 2005. As a trained engineer with an industrial background, he didn\u2019t always seem destined for life as a winemaker...\" \/>\n<meta name=\"robots\" content=\"index, follow, max-snippet:-1, max-image-preview:large, max-video-preview:-1\" \/>\n<link rel=\"canonical\" href=\"https:\/\/chateau-yon-figeac.com\/en\/the-owner\/\" \/>\n<meta property=\"og:locale\" content=\"en_US\" \/>\n<meta property=\"og:type\" content=\"article\" \/>\n<meta property=\"og:title\" content=\"The owner - Ch\u00e2teau YON-FIGEAC\" \/>\n<meta property=\"og:description\" content=\"Alain Ch\u00e2teau, the owner of Ch\u00e2teau Yon-Figeac, purchased the estate in 2005. As a trained engineer with an industrial background, he didn\u2019t always seem destined for life as a winemaker...\" \/>\n<meta property=\"og:url\" content=\"https:\/\/chateau-yon-figeac.com\/en\/the-owner\/\" \/>\n<meta property=\"og:site_name\" content=\"Ch\u00e2teau YON-FIGEAC\" \/>\n<meta property=\"article:modified_time\" content=\"2025-02-25T11:09:03+00:00\" \/>\n<meta name=\"twitter:card\" content=\"summary_large_image\" \/>\n<meta name=\"twitter:label1\" content=\"Est. reading time\" \/>\n\t<meta name=\"twitter:data1\" content=\"1 minute\" \/>\n<script type=\"application\/ld+json\" class=\"yoast-schema-graph\">{\"@context\":\"https:\/\/schema.org\",\"@graph\":[{\"@type\":\"WebPage\",\"@id\":\"https:\/\/chateau-yon-figeac.com\/en\/the-owner\/\",\"url\":\"https:\/\/chateau-yon-figeac.com\/en\/the-owner\/\",\"name\":\"The owner - Ch\u00e2teau YON-FIGEAC\",\"isPartOf\":{\"@id\":\"https:\/\/chateau-yon-figeac.com\/#website\"},\"datePublished\":\"2020-07-09T07:58:42+00:00\",\"dateModified\":\"2025-02-25T11:09:03+00:00\",\"description\":\"Alain Ch\u00e2teau, the owner of Ch\u00e2teau Yon-Figeac, purchased the estate in 2005. As a trained engineer with an industrial background, he didn\u2019t always seem destined for life as a winemaker...\",\"breadcrumb\":{\"@id\":\"https:\/\/chateau-yon-figeac.com\/en\/the-owner\/#breadcrumb\"},\"inLanguage\":\"en-US\",\"potentialAction\":[{\"@type\":\"ReadAction\",\"target\":[\"https:\/\/chateau-yon-figeac.com\/en\/the-owner\/\"]}]},{\"@type\":\"BreadcrumbList\",\"@id\":\"https:\/\/chateau-yon-figeac.com\/en\/the-owner\/#breadcrumb\",\"itemListElement\":[{\"@type\":\"ListItem\",\"position\":1,\"name\":\"Accueil\",\"item\":\"https:\/\/chateau-yon-figeac.com\/en\/\"},{\"@type\":\"ListItem\",\"position\":2,\"name\":\"The owner\"}]},{\"@type\":\"WebSite\",\"@id\":\"https:\/\/chateau-yon-figeac.com\/#website\",\"url\":\"https:\/\/chateau-yon-figeac.com\/\",\"name\":\"Ch\u00e2teau YON-FIGEAC\",\"description\":\"Grand cru Class\u00e9 Saint-\u00c9milion\",\"publisher\":{\"@id\":\"https:\/\/chateau-yon-figeac.com\/#organization\"},\"potentialAction\":[{\"@type\":\"SearchAction\",\"target\":{\"@type\":\"EntryPoint\",\"urlTemplate\":\"https:\/\/chateau-yon-figeac.com\/?s={search_term_string}\"},\"query-input\":{\"@type\":\"PropertyValueSpecification\",\"valueRequired\":true,\"valueName\":\"search_term_string\"}}],\"inLanguage\":\"en-US\"},{\"@type\":\"Organization\",\"@id\":\"https:\/\/chateau-yon-figeac.com\/#organization\",\"name\":\"Ch\u00e2teau YON-FIGEAC\",\"url\":\"https:\/\/chateau-yon-figeac.com\/\",\"logo\":{\"@type\":\"ImageObject\",\"inLanguage\":\"en-US\",\"@id\":\"https:\/\/chateau-yon-figeac.com\/#\/schema\/logo\/image\/\",\"url\":\"https:\/\/chateau-yon-figeac.com\/wp-content\/uploads\/2020\/09\/logo-yon-figeac.png\",\"contentUrl\":\"https:\/\/chateau-yon-figeac.com\/wp-content\/uploads\/2020\/09\/logo-yon-figeac.png\",\"width\":600,\"height\":101,\"caption\":\"Ch\u00e2teau YON-FIGEAC\"},\"image\":{\"@id\":\"https:\/\/chateau-yon-figeac.com\/#\/schema\/logo\/image\/\"}}]}<\/script>\n<!-- \/ Yoast SEO plugin. -->","yoast_head_json":{"title":"The owner - Ch\u00e2teau YON-FIGEAC","description":"Alain Ch\u00e2teau, the owner of Ch\u00e2teau Yon-Figeac, purchased the estate in 2005. As a trained engineer with an industrial background, he didn\u2019t always seem destined for life as a winemaker...","robots":{"index":"index","follow":"follow","max-snippet":"max-snippet:-1","max-image-preview":"max-image-preview:large","max-video-preview":"max-video-preview:-1"},"canonical":"https:\/\/chateau-yon-figeac.com\/en\/the-owner\/","og_locale":"en_US","og_type":"article","og_title":"The owner - Ch\u00e2teau YON-FIGEAC","og_description":"Alain Ch\u00e2teau, the owner of Ch\u00e2teau Yon-Figeac, purchased the estate in 2005. As a trained engineer with an industrial background, he didn\u2019t always seem destined for life as a winemaker...","og_url":"https:\/\/chateau-yon-figeac.com\/en\/the-owner\/","og_site_name":"Ch\u00e2teau YON-FIGEAC","article_modified_time":"2025-02-25T11:09:03+00:00","twitter_card":"summary_large_image","twitter_misc":{"Est. reading time":"1 minute"},"schema":{"@context":"https:\/\/schema.org","@graph":[{"@type":"WebPage","@id":"https:\/\/chateau-yon-figeac.com\/en\/the-owner\/","url":"https:\/\/chateau-yon-figeac.com\/en\/the-owner\/","name":"The owner - Ch\u00e2teau YON-FIGEAC","isPartOf":{"@id":"https:\/\/chateau-yon-figeac.com\/#website"},"datePublished":"2020-07-09T07:58:42+00:00","dateModified":"2025-02-25T11:09:03+00:00","description":"Alain Ch\u00e2teau, the owner of Ch\u00e2teau Yon-Figeac, purchased the estate in 2005. As a trained engineer with an industrial background, he didn\u2019t always seem destined for life as a winemaker...","breadcrumb":{"@id":"https:\/\/chateau-yon-figeac.com\/en\/the-owner\/#breadcrumb"},"inLanguage":"en-US","potentialAction":[{"@type":"ReadAction","target":["https:\/\/chateau-yon-figeac.com\/en\/the-owner\/"]}]},{"@type":"BreadcrumbList","@id":"https:\/\/chateau-yon-figeac.com\/en\/the-owner\/#breadcrumb","itemListElement":[{"@type":"ListItem","position":1,"name":"Accueil","item":"https:\/\/chateau-yon-figeac.com\/en\/"},{"@type":"ListItem","position":2,"name":"The owner"}]},{"@type":"WebSite","@id":"https:\/\/chateau-yon-figeac.com\/#website","url":"https:\/\/chateau-yon-figeac.com\/","name":"Ch\u00e2teau YON-FIGEAC","description":"Grand cru Class\u00e9 Saint-\u00c9milion","publisher":{"@id":"https:\/\/chateau-yon-figeac.com\/#organization"},"potentialAction":[{"@type":"SearchAction","target":{"@type":"EntryPoint","urlTemplate":"https:\/\/chateau-yon-figeac.com\/?s={search_term_string}"},"query-input":{"@type":"PropertyValueSpecification","valueRequired":true,"valueName":"search_term_string"}}],"inLanguage":"en-US"},{"@type":"Organization","@id":"https:\/\/chateau-yon-figeac.com\/#organization","name":"Ch\u00e2teau YON-FIGEAC","url":"https:\/\/chateau-yon-figeac.com\/","logo":{"@type":"ImageObject","inLanguage":"en-US","@id":"https:\/\/chateau-yon-figeac.com\/#\/schema\/logo\/image\/","url":"https:\/\/chateau-yon-figeac.com\/wp-content\/uploads\/2020\/09\/logo-yon-figeac.png","contentUrl":"https:\/\/chateau-yon-figeac.com\/wp-content\/uploads\/2020\/09\/logo-yon-figeac.png","width":600,"height":101,"caption":"Ch\u00e2teau YON-FIGEAC"},"image":{"@id":"https:\/\/chateau-yon-figeac.com\/#\/schema\/logo\/image\/"}}]}},"_links":{"self":[{"href":"https:\/\/chateau-yon-figeac.com\/en\/wp-json\/wp\/v2\/pages\/379","targetHints":{"allow":["GET"]}}],"collection":[{"href":"https:\/\/chateau-yon-figeac.com\/en\/wp-json\/wp\/v2\/pages"}],"about":[{"href":"https:\/\/chateau-yon-figeac.com\/en\/wp-json\/wp\/v2\/types\/page"}],"author":[{"embeddable":true,"href":"https:\/\/chateau-yon-figeac.com\/en\/wp-json\/wp\/v2\/users\/1024"}],"replies":[{"embeddable":true,"href":"https:\/\/chateau-yon-figeac.com\/en\/wp-json\/wp\/v2\/comments?post=379"}],"version-history":[{"count":3,"href":"https:\/\/chateau-yon-figeac.com\/en\/wp-json\/wp\/v2\/pages\/379\/revisions"}],"predecessor-version":[{"id":684,"href":"https:\/\/chateau-yon-figeac.com\/en\/wp-json\/wp\/v2\/pages\/379\/revisions\/684"}],"wp:attachment":[{"href":"https:\/\/chateau-yon-figeac.com\/en\/wp-json\/wp\/v2\/media?parent=379"}],"curies":[{"name":"wp","href":"https:\/\/api.w.org\/{rel}","templated":true}]}}