{"id":369,"date":"2020-06-29T09:51:47","date_gmt":"2020-06-29T07:51:47","guid":{"rendered":"https:\/\/chateau-yon-figeac.com\/accueil\/"},"modified":"2025-02-25T12:05:51","modified_gmt":"2025-02-25T11:05:51","slug":"accueil","status":"publish","type":"page","link":"https:\/\/chateau-yon-figeac.com\/en\/","title":{"rendered":"Home"},"content":{"rendered":"[vc_row full_width=&#8221;stretch_row&#8221; full_height=&#8221;yes&#8221; min_height=&#8221;600&#8243; css=&#8221;.vc_custom_1613596845458{background-image: url(https:\/\/chateau-yon-figeac.com\/wp-content\/uploads\/2021\/02\/header-chateau-yon-figeac.jpg?id=458) !important;background-position: center !important;background-repeat: no-repeat !important;background-size: cover !important;}&#8221;][vc_column][\/vc_column][\/vc_row][vc_row][vc_column][vc_column_text text_align=&#8221;center&#8221;]\n<h1>The estate<\/h1>\n[\/vc_column_text][vc_column_text width=&#8221;800&#8243; align=&#8221;center&#8221; text_align=&#8221;center&#8221;]Welcome at Ch\u00e2teau Yon-Figeac, Grand cru class\u00e9 in Saint-Emilion. <a href=\"https:\/\/chateau-yon-figeac.com\/en\/wine-tourism\/\">Book your tour<\/a> to visit our cellar, taste our wines and discover our story !<\/p>\n<p>On a winding country road, just to the north-west of the village of Saint-\u00c9milion, stands Ch\u00e2teau Yon-Figeac. Built in 1886, the ch\u00e2teau is a classic example of the region&#8217;s architectural style: a limestone house flanked by 24 hectares of vines.<\/p>\n<p>&nbsp;[\/vc_column_text]<div class=\"textcenter theme-button-wrap clr\"><a href=\"https:\/\/chateau-yon-figeac.com\/en\/wine-tourism\/\" class=\"vcex-button theme-button medium align-center inline animate-on-hover\"><span class=\"theme-button-inner\">Book your tour<\/span><\/a><\/div> [\/vc_column][\/vc_row][vc_row content_placement=&#8221;middle&#8221; parallax=&#8221;content-moving&#8221; min_height=&#8221;200&#8243; css=&#8221;.vc_custom_1613596809779{background-position: center;background-repeat: no-repeat;background-size:cover !important;}&#8221;][vc_column][vc_raw_html]JTNDZGl2JTIwY2xhc3MlM0QlMjJ2Y19yb3clMjB3cGJfcm93JTIwdmNfcm93LWZsdWlkJTIwdmNfY3VzdG9tXzE2MTM1ODQzODI5MTclMjB2Y19yb3ctby1jb250ZW50LW1pZGRsZSUyMHZjX3Jvdy1mbGV4JTIwd3BleC12Y19yb3ctaGFzLWZpbGwlMjBuby1ib3R0b20tbWFyZ2lucyUyMHdwZXgtdmMtcmVzZXQtbmVnYXRpdmUtbWFyZ2luJTIyJTIwc3R5bGUlM0QlMjJtaW4taGVpZ2h0JTNBMjAwcHglM0IlMjIlM0UlM0NkaXYlMjBjbGFzcyUzRCUyMndwYl9jb2x1bW4lMjB2Y19jb2x1bW5fY29udGFpbmVyJTIwdmNfY29sLXNtLTEyJTIyJTNFJTNDZGl2JTIwY2xhc3MlM0QlMjJ2Y19jb2x1bW4taW5uZXIlMjIlM0UlM0NkaXYlMjBjbGFzcyUzRCUyMndwYl93cmFwcGVyJTIyJTNFJTBBJTA5JTNDZGl2JTIwY2xhc3MlM0QlMjJ3cGJfdmlkZW9fd2lkZ2V0JTIwd3BiX2NvbnRlbnRfZWxlbWVudCUyMHZjX2NsZWFyZml4JTIwJTIwJTIwdmNfdmlkZW8tYXNwZWN0LXJhdGlvLTE2OSUyMHZjX3ZpZGVvLWVsLXdpZHRoLTEwMCUyMHZjX3ZpZGVvLWFsaWduLWNlbnRlciUyMiUzRSUwQSUwOSUwOSUzQ2RpdiUyMGNsYXNzJTNEJTIyd3BiX3dyYXBwZXIlMjIlM0UlMEElMDklMDklMDklMEElMDklMDklMDklM0NkaXYlMjBjbGFzcyUzRCUyMndwYl92aWRlb193cmFwcGVyJTIyJTNFJTBBJTNDaWZyYW1lJTIwd2lkdGglM0QlMjI1NjAlMjIlMjBoZWlnaHQlM0QlMjIzMTUlMjIlMjBzcmMlM0QlMjJodHRwcyUzQSUyRiUyRnd3dy55b3V0dWJlLmNvbSUyRmVtYmVkJTJGeEQ4c1RQQ2pVTDAlM0ZyZWwlM0QwJTIyJTIwZnJhbWVib3JkZXIlM0QlMjIwJTIyJTIwYWxsb3clM0QlMjJhY2NlbGVyb21ldGVyJTNCJTIwYXV0b3BsYXklM0IlMjBjbGlwYm9hcmQtd3JpdGUlM0IlMjBlbmNyeXB0ZWQtbWVkaWElM0IlMjBneXJvc2NvcGUlM0IlMjBwaWN0dXJlLWluLXBpY3R1cmUlMjIlMjBhbGxvd2Z1bGxzY3JlZW4lM0UlM0MlMkZpZnJhbWUlM0UlMEElM0MlMkZkaXYlM0UlMEElMDklMDklM0MlMkZkaXYlM0UlMEElMDklM0MlMkZkaXYlM0UlMEElM0MlMkZkaXYlM0UlM0MlMkZkaXYlM0UlM0MlMkZkaXYlM0UlM0MlMkZkaXYlM0U=[\/vc_raw_html][\/vc_column][\/vc_row][vc_row][vc_column][vc_column_text]\n<p style=\"text-align: center;\"><span style=\"font-size: 12px;\">Video production : Crus et Domaines de France<\/span><\/p>\n<p>&nbsp;[\/vc_column_text][vc_column_text text_align=&#8221;center&#8221; el_class=&#8221;h1&#8243;]\n<h2>Yon Figeac <em>and art<\/em><\/h2>\n[\/vc_column_text][\/vc_column][\/vc_row][vc_row][vc_column width=&#8221;1\/2&#8243;][vc_column_text]Visitors to the estate are immediately struck by the two sculptures standing proudly on either side of the alley that leads to the Ch\u00e2teau. The result of a collaboration between <a href=\"https:\/\/cecilepitois.com\/fr\/\" target=\"_blank\" rel=\"noopener\">artist C\u00e9cile Pitois<\/a> and Ch\u00e2teau Yon-Figeac, these sculptures were designed and created especially for the estate.[\/vc_column_text][vc_single_image image=&#8221;319&#8243; alignment=&#8221;center&#8221; css=&#8221;.vc_custom_1602492102045{margin-top: 30px !important;}&#8221;][\/vc_column][vc_column width=&#8221;1\/2&#8243;][vc_single_image image=&#8221;340&#8243; alignment=&#8221;center&#8221; css=&#8221;.vc_custom_1602491913725{margin-bottom: 30px !important;}&#8221;][vc_column_text]The artist was inspired to convey the idea that &#8220;blending wines is all about balance and composition, adding and subtracting as necessary&#8221;.[\/vc_column_text][\/vc_column][\/vc_row][vc_row full_width=&#8221;stretch_row&#8221; css=&#8221;.vc_custom_1594281176524{margin-top: 30px !important;background-color: #ebebe9 !important;}&#8221;][vc_column][vc_column_text text_align=&#8221;center&#8221; el_class=&#8221;h1&#8243;]\n<h2>Our craft <em> and our wine<\/em><\/h2>\n[\/vc_column_text][vc_column_text text_align=&#8221;center&#8221; width=&#8221;800&#8243; align=&#8221;center&#8221;]Each new season brings its share of work in the vineyard: pruning, leaf thinning, topping, green harvesting, ploughing the soil, the harvest, etc.<\/p>\n<p>At Ch\u00e2teau Yon-Figeac, our primary focus in the vineyard is to ensure the quality of the vines and the grapes they produce. As such, it is essential that each and every action we take is tailored to our needs and the terroir. Work in the vineyard is primarily carried out manually, allowing for maximum precision. We also harvest the grapes by hand, over the course of September and early October.[\/vc_column_text][\/vc_column][\/vc_row][vc_row full_width=&#8221;stretch_row&#8221; content_placement=&#8221;middle&#8221; parallax=&#8221;content-moving&#8221; remove_bottom_col_margin=&#8221;true&#8221; min_height=&#8221;600&#8243; css=&#8221;.vc_custom_1594385044399{background-image: url(https:\/\/chateau-yon-figeac.com\/wp-content\/uploads\/2020\/07\/home-bannier-2.jpg?id=126) !important;background-position: center;background-repeat: no-repeat;background-size:cover !important;}&#8221;][vc_column][\/vc_column][\/vc_row][vc_row full_width=&#8221;stretch_row&#8221; css=&#8221;.vc_custom_1594281275142{margin-top: 30px !important;}&#8221;][vc_column][vc_column_text text_align=&#8221;center&#8221; el_class=&#8221;h1&#8243;]\n<h2>Fermentation <em>and ageing<\/em><\/h2>\n[\/vc_column_text][vc_row_inner][vc_column_inner width=&#8221;1\/2&#8243;][vc_single_image image=&#8221;489&#8243; alignment=&#8221;center&#8221; css=&#8221;.vc_custom_1621325426020{margin-top: 30px !important;}&#8221;][\/vc_column_inner][vc_column_inner width=&#8221;1\/2&#8243;][vc_single_image image=&#8221;491&#8243; alignment=&#8221;center&#8221; css=&#8221;.vc_custom_1621325432052{margin-top: 30px !important;}&#8221;][\/vc_column_inner][\/vc_row_inner][vc_column_text width=&#8221;800&#8243; align=&#8221;center&#8221;]\n<p style=\"text-align: center;\"><a href=\"https:\/\/chateau-yon-figeac.com\/en\/wine\/\">The wines of Ch\u00e2teau Yon-Figeac<\/a> are fermented in temperature-controlled, stainless-steel vats. The bespoke vats in our new vat room have been created in just the right sizes to allow us to ferment the grapes from each plot separately.<\/p>\n<p style=\"text-align: center;\">Once fermentation is complete, the various batches are aged separately in our barrel cellar. The wines that will make up our Grand Vin (first wine) are aged exclusively in French oak barrels. Those destined for the estate&#8217;s second wine are aged in foudres (large casks) to limit the impact of the oak on the wine\u2019s flavours and aromatic profile.<\/p>\n<p style=\"text-align: center;\">The wines are left to age in barrel for around a year.<\/p>\n[\/vc_column_text][\/vc_column][\/vc_row][vc_row full_width=&#8221;stretch_row&#8221; content_placement=&#8221;middle&#8221; parallax=&#8221;content-moving&#8221; remove_bottom_col_margin=&#8221;true&#8221; min_height=&#8221;600&#8243; css=&#8221;.vc_custom_1594385056040{background-image: url(https:\/\/chateau-yon-figeac.com\/wp-content\/uploads\/2020\/07\/home-bannier-3.jpg?id=127) !important;background-position: center;background-repeat: no-repeat;background-size:cover !important;}&#8221;][vc_column][\/vc_column][\/vc_row][vc_row full_width=&#8221;stretch_row&#8221; css=&#8221;.vc_custom_1594281383613{background-color: #ebebe9 !important;}&#8221;][vc_column][vc_column_text text_align=&#8221;center&#8221; el_class=&#8221;h1&#8243;]\n<h2>Environmental practices<\/h2>\n[\/vc_column_text][vc_column_text text_align=&#8221;center&#8221; width=&#8221;800&#8243; align=&#8221;center&#8221;]At Ch\u00e2teau Yon-Figeac we have been using sustainable agricultural methods since 2011 and adopting a winemaking philosophy that is more respectful of the environment and the people working in the vineyard all year round. Ch\u00e2teau Yon-Figeac has been ISO 14001-certified and a member of the first EMS association in the Bordeaux wine sector since 2013, and HEV 3-certified since the 2016 vintage.[\/vc_column_text]<div class=\"vcex-image vcex-module vcex-clr textcenter\"><span class=\"vcex-image-inner vc_custom_1602491723829\"><img loading=\"lazy\" decoding=\"async\" src=\"https:\/\/chateau-yon-figeac.com\/wp-content\/uploads\/2020\/09\/logos-certif-250x106.png\" alt=\"Certifications Environnementales Yon Figeac\" data-no-retina width=\"250\" height=\"106\" \/><\/span><\/div>[vc_row_inner][vc_column_inner width=&#8221;1\/2&#8243;][vc_single_image image=&#8221;341&#8243; alignment=&#8221;center&#8221; css=&#8221;.vc_custom_1602491686149{margin-top: 30px !important;}&#8221;][\/vc_column_inner][vc_column_inner width=&#8221;1\/2&#8243;][vc_single_image image=&#8221;349&#8243; alignment=&#8221;center&#8221; css=&#8221;.vc_custom_1602491701940{margin-top: 30px !important;}&#8221;][\/vc_column_inner][\/vc_row_inner][\/vc_column][\/vc_row]\n","protected":false},"excerpt":{"rendered":"<p>[vc_row full_width=&#8221;stretch_row&#8221; full_height=&#8221;yes&#8221; min_height=&#8221;600&#8243; css=&#8221;.vc_custom_1613596845458{background-image: url(https:\/\/chateau-yon-figeac.com\/wp-content\/uploads\/2021\/02\/header-chateau-yon-figeac.jpg?id=458) !important;background-position: center !important;background-repeat: no-repeat !important;background-size: cover !important;}&#8221;][vc_column][\/vc_column][\/vc_row][vc_row][vc_column][vc_column_text text_align=&#8221;center&#8221;] The estate [\/vc_column_text][vc_column_text width=&#8221;800&#8243; align=&#8221;center&#8221; text_align=&#8221;center&#8221;]Welcome at Ch\u00e2teau Yon-Figeac, Grand cru class\u00e9 in Saint-Emilion. Book your tour to visit our cellar, taste our wines and discover&hellip;<\/p>\n","protected":false},"author":1024,"featured_media":0,"parent":0,"menu_order":0,"comment_status":"closed","ping_status":"closed","template":"","meta":{"footnotes":""},"class_list":["post-369","page","type-page","status-publish","hentry","entry","no-media"],"yoast_head":"<!-- This site is optimized with the Yoast SEO plugin v27.1.1 - https:\/\/yoast.com\/product\/yoast-seo-wordpress\/ -->\n<title>Home - Ch\u00e2teau YON-FIGEAC<\/title>\n<meta name=\"robots\" content=\"index, follow, max-snippet:-1, max-image-preview:large, max-video-preview:-1\" \/>\n<link rel=\"canonical\" href=\"https:\/\/chateau-yon-figeac.com\/en\/\" \/>\n<meta property=\"og:locale\" content=\"en_US\" \/>\n<meta property=\"og:type\" content=\"article\" \/>\n<meta property=\"og:title\" content=\"Home - Ch\u00e2teau YON-FIGEAC\" \/>\n<meta property=\"og:description\" content=\"[vc_row full_width=&#8221;stretch_row&#8221; full_height=&#8221;yes&#8221; min_height=&#8221;600&#8243; css=&#8221;.vc_custom_1613596845458{background-image: url(https:\/\/chateau-yon-figeac.com\/wp-content\/uploads\/2021\/02\/header-chateau-yon-figeac.jpg?id=458) !important;background-position: center !important;background-repeat: no-repeat !important;background-size: cover !important;}&#8221;][vc_column][\/vc_column][\/vc_row][vc_row][vc_column][vc_column_text text_align=&#8221;center&#8221;] The estate [\/vc_column_text][vc_column_text width=&#8221;800&#8243; align=&#8221;center&#8221; text_align=&#8221;center&#8221;]Welcome at Ch\u00e2teau Yon-Figeac, Grand cru class\u00e9 in Saint-Emilion. Book your tour to visit our cellar, taste our wines and discover&hellip;\" \/>\n<meta property=\"og:url\" content=\"https:\/\/chateau-yon-figeac.com\/en\/\" \/>\n<meta property=\"og:site_name\" content=\"Ch\u00e2teau YON-FIGEAC\" \/>\n<meta property=\"article:modified_time\" content=\"2025-02-25T11:05:51+00:00\" \/>\n<meta name=\"twitter:card\" content=\"summary_large_image\" \/>\n<meta name=\"twitter:label1\" content=\"Est. reading time\" \/>\n\t<meta name=\"twitter:data1\" content=\"6 minutes\" \/>\n<script type=\"application\/ld+json\" class=\"yoast-schema-graph\">{\"@context\":\"https:\/\/schema.org\",\"@graph\":[{\"@type\":\"WebPage\",\"@id\":\"https:\/\/chateau-yon-figeac.com\/en\/\",\"url\":\"https:\/\/chateau-yon-figeac.com\/en\/\",\"name\":\"Home - Ch\u00e2teau YON-FIGEAC\",\"isPartOf\":{\"@id\":\"https:\/\/chateau-yon-figeac.com\/#website\"},\"datePublished\":\"2020-06-29T07:51:47+00:00\",\"dateModified\":\"2025-02-25T11:05:51+00:00\",\"breadcrumb\":{\"@id\":\"https:\/\/chateau-yon-figeac.com\/en\/#breadcrumb\"},\"inLanguage\":\"en-US\",\"potentialAction\":[{\"@type\":\"ReadAction\",\"target\":[\"https:\/\/chateau-yon-figeac.com\/en\/\"]}]},{\"@type\":\"BreadcrumbList\",\"@id\":\"https:\/\/chateau-yon-figeac.com\/en\/#breadcrumb\",\"itemListElement\":[{\"@type\":\"ListItem\",\"position\":1,\"name\":\"Accueil\",\"item\":\"https:\/\/chateau-yon-figeac.com\/en\/\"},{\"@type\":\"ListItem\",\"position\":2,\"name\":\"Home\"}]},{\"@type\":\"WebSite\",\"@id\":\"https:\/\/chateau-yon-figeac.com\/#website\",\"url\":\"https:\/\/chateau-yon-figeac.com\/\",\"name\":\"Ch\u00e2teau YON-FIGEAC\",\"description\":\"Grand cru Class\u00e9 Saint-\u00c9milion\",\"publisher\":{\"@id\":\"https:\/\/chateau-yon-figeac.com\/#organization\"},\"potentialAction\":[{\"@type\":\"SearchAction\",\"target\":{\"@type\":\"EntryPoint\",\"urlTemplate\":\"https:\/\/chateau-yon-figeac.com\/?s={search_term_string}\"},\"query-input\":{\"@type\":\"PropertyValueSpecification\",\"valueRequired\":true,\"valueName\":\"search_term_string\"}}],\"inLanguage\":\"en-US\"},{\"@type\":\"Organization\",\"@id\":\"https:\/\/chateau-yon-figeac.com\/#organization\",\"name\":\"Ch\u00e2teau YON-FIGEAC\",\"url\":\"https:\/\/chateau-yon-figeac.com\/\",\"logo\":{\"@type\":\"ImageObject\",\"inLanguage\":\"en-US\",\"@id\":\"https:\/\/chateau-yon-figeac.com\/#\/schema\/logo\/image\/\",\"url\":\"https:\/\/chateau-yon-figeac.com\/wp-content\/uploads\/2020\/09\/logo-yon-figeac.png\",\"contentUrl\":\"https:\/\/chateau-yon-figeac.com\/wp-content\/uploads\/2020\/09\/logo-yon-figeac.png\",\"width\":600,\"height\":101,\"caption\":\"Ch\u00e2teau YON-FIGEAC\"},\"image\":{\"@id\":\"https:\/\/chateau-yon-figeac.com\/#\/schema\/logo\/image\/\"}}]}<\/script>\n<!-- \/ Yoast SEO plugin. -->","yoast_head_json":{"title":"Home - Ch\u00e2teau YON-FIGEAC","robots":{"index":"index","follow":"follow","max-snippet":"max-snippet:-1","max-image-preview":"max-image-preview:large","max-video-preview":"max-video-preview:-1"},"canonical":"https:\/\/chateau-yon-figeac.com\/en\/","og_locale":"en_US","og_type":"article","og_title":"Home - Ch\u00e2teau YON-FIGEAC","og_description":"[vc_row full_width=&#8221;stretch_row&#8221; full_height=&#8221;yes&#8221; min_height=&#8221;600&#8243; css=&#8221;.vc_custom_1613596845458{background-image: url(https:\/\/chateau-yon-figeac.com\/wp-content\/uploads\/2021\/02\/header-chateau-yon-figeac.jpg?id=458) !important;background-position: center !important;background-repeat: no-repeat !important;background-size: cover !important;}&#8221;][vc_column][\/vc_column][\/vc_row][vc_row][vc_column][vc_column_text text_align=&#8221;center&#8221;] The estate [\/vc_column_text][vc_column_text width=&#8221;800&#8243; align=&#8221;center&#8221; text_align=&#8221;center&#8221;]Welcome at Ch\u00e2teau Yon-Figeac, Grand cru class\u00e9 in Saint-Emilion. Book your tour to visit our cellar, taste our wines and discover&hellip;","og_url":"https:\/\/chateau-yon-figeac.com\/en\/","og_site_name":"Ch\u00e2teau YON-FIGEAC","article_modified_time":"2025-02-25T11:05:51+00:00","twitter_card":"summary_large_image","twitter_misc":{"Est. reading time":"6 minutes"},"schema":{"@context":"https:\/\/schema.org","@graph":[{"@type":"WebPage","@id":"https:\/\/chateau-yon-figeac.com\/en\/","url":"https:\/\/chateau-yon-figeac.com\/en\/","name":"Home - Ch\u00e2teau YON-FIGEAC","isPartOf":{"@id":"https:\/\/chateau-yon-figeac.com\/#website"},"datePublished":"2020-06-29T07:51:47+00:00","dateModified":"2025-02-25T11:05:51+00:00","breadcrumb":{"@id":"https:\/\/chateau-yon-figeac.com\/en\/#breadcrumb"},"inLanguage":"en-US","potentialAction":[{"@type":"ReadAction","target":["https:\/\/chateau-yon-figeac.com\/en\/"]}]},{"@type":"BreadcrumbList","@id":"https:\/\/chateau-yon-figeac.com\/en\/#breadcrumb","itemListElement":[{"@type":"ListItem","position":1,"name":"Accueil","item":"https:\/\/chateau-yon-figeac.com\/en\/"},{"@type":"ListItem","position":2,"name":"Home"}]},{"@type":"WebSite","@id":"https:\/\/chateau-yon-figeac.com\/#website","url":"https:\/\/chateau-yon-figeac.com\/","name":"Ch\u00e2teau YON-FIGEAC","description":"Grand cru Class\u00e9 Saint-\u00c9milion","publisher":{"@id":"https:\/\/chateau-yon-figeac.com\/#organization"},"potentialAction":[{"@type":"SearchAction","target":{"@type":"EntryPoint","urlTemplate":"https:\/\/chateau-yon-figeac.com\/?s={search_term_string}"},"query-input":{"@type":"PropertyValueSpecification","valueRequired":true,"valueName":"search_term_string"}}],"inLanguage":"en-US"},{"@type":"Organization","@id":"https:\/\/chateau-yon-figeac.com\/#organization","name":"Ch\u00e2teau YON-FIGEAC","url":"https:\/\/chateau-yon-figeac.com\/","logo":{"@type":"ImageObject","inLanguage":"en-US","@id":"https:\/\/chateau-yon-figeac.com\/#\/schema\/logo\/image\/","url":"https:\/\/chateau-yon-figeac.com\/wp-content\/uploads\/2020\/09\/logo-yon-figeac.png","contentUrl":"https:\/\/chateau-yon-figeac.com\/wp-content\/uploads\/2020\/09\/logo-yon-figeac.png","width":600,"height":101,"caption":"Ch\u00e2teau YON-FIGEAC"},"image":{"@id":"https:\/\/chateau-yon-figeac.com\/#\/schema\/logo\/image\/"}}]}},"_links":{"self":[{"href":"https:\/\/chateau-yon-figeac.com\/en\/wp-json\/wp\/v2\/pages\/369","targetHints":{"allow":["GET"]}}],"collection":[{"href":"https:\/\/chateau-yon-figeac.com\/en\/wp-json\/wp\/v2\/pages"}],"about":[{"href":"https:\/\/chateau-yon-figeac.com\/en\/wp-json\/wp\/v2\/types\/page"}],"author":[{"embeddable":true,"href":"https:\/\/chateau-yon-figeac.com\/en\/wp-json\/wp\/v2\/users\/1024"}],"replies":[{"embeddable":true,"href":"https:\/\/chateau-yon-figeac.com\/en\/wp-json\/wp\/v2\/comments?post=369"}],"version-history":[{"count":14,"href":"https:\/\/chateau-yon-figeac.com\/en\/wp-json\/wp\/v2\/pages\/369\/revisions"}],"predecessor-version":[{"id":683,"href":"https:\/\/chateau-yon-figeac.com\/en\/wp-json\/wp\/v2\/pages\/369\/revisions\/683"}],"wp:attachment":[{"href":"https:\/\/chateau-yon-figeac.com\/en\/wp-json\/wp\/v2\/media?parent=369"}],"curies":[{"name":"wp","href":"https:\/\/api.w.org\/{rel}","templated":true}]}}